{"id":1014,"date":"2018-02-03T11:30:05","date_gmt":"2018-02-03T10:30:05","guid":{"rendered":"http:\/\/www.wocadlo.de\/geo\/?page_id=1014"},"modified":"2018-02-03T11:30:05","modified_gmt":"2018-02-03T10:30:05","slug":"privatsphaere-und-datenschutz","status":"publish","type":"page","link":"https:\/\/www.wocadlo.de\/geo\/privatsphaere-und-datenschutz\/","title":{"rendered":"Privatsph\u00e4re und Datenschutz"},"content":{"rendered":"<div class=\"col-md-6\">\n<div class=\"height\">\n<div>\n<div id=\"info\">\n<div>\n<div>\n<div id=\"info-inhalt\">\n<p><strong>Privatsph\u00e4re und Datenschutz<\/strong><\/p>\n<p>Wir freuen uns \u00fcber Ihr Interesse an unserer Homepage und unserem Unternehmen. F\u00fcr externe Links zu fremden Inhalten k\u00f6nnen wir dabei trotz sorgf\u00e4ltiger inhaltlicher Kontrolle keine Haftung \u00fcbernehmen.<br \/>\nDer Schutz Ihrer personenbezogenen Daten bei der Erhebung, Verarbeitung und Nutzung anl\u00e4sslich Ihres Besuchs auf unserer Homepage ist uns ein wichtiges Anliegen. Ihre Daten werden im Rahmen der gesetzlichen Vorschriften gesch\u00fctzt. Nachfolgend finden Sie Informationen, welche Daten w\u00e4hrend Ihres Besuchs auf der Homepage erfasst und wie diese genutzt werden:<\/p>\n<p>1. Nutzung und Weitergabe personenbezogener Daten<br \/>\nSoweit Sie uns personenbezogene Daten zur Verf\u00fcgung gestellt haben, verwenden wir diese nur zur Beantwortung Ihrer Anfragen, zur Abwicklung mit Ihnen geschlossener Vertr\u00e4ge, f\u00fcr die technische Administration und ggf. f\u00fcr R\u00fcckfragen oder Angebote, oder wichtige Informationen .<br \/>\nIhre personenbezogenen Daten werden an Dritte nur weitergegeben oder sonst \u00fcbermittelt, wenn dies zum Zwecke der Vertragsabwicklung \u2013 insbesondere Weitergabe von Bestelldaten an Lieferanten \u2013 erforderlich ist, dies zu Abrechnungszwecken erforderlich ist oder Sie zuvor eingewilligt haben. Sie haben das Recht, eine erteilte Einwilligung mit Wirkung f\u00fcr die Zukunft jederzeit zu widerrufen.<br \/>\nDie L\u00f6schung der gespeicherten personenbezogenen Daten erfolgt, wenn Sie Ihre Einwilligung zur Speicherung widerrufen, wenn ihre Kenntnis zur Erf\u00fcllung des mit der Speicherung verfolgten Zwecks nicht mehr erforderlich ist oder wenn ihre Speicherung aus sonstigen gesetzlichen Gr\u00fcnden unzul\u00e4ssig ist.<\/p>\n<p>2. Auskunftsrecht<br \/>\nAuf schriftliche Anfrage werden wir Sie gern \u00fcber die zu Ihrer Person gespeicherten Daten informieren.<\/p>\n<p>Sicherheitshinweis:<br \/>\nWir sind bem\u00fcht, Ihre personenbezogenen Daten durch Ergreifung aller technischen und organisatorischen M\u00f6glichkeiten so zu speichern, dass sie f\u00fcr Dritte nicht zug\u00e4nglich sind. Bei der Kommunikation per E Mail kann die vollst\u00e4ndige Datensicherheit von uns nicht gew\u00e4hrleistet werden, so dass wir Ihnen bei vertraulichen Informationen den Postweg empfehlen.<\/p>\n<\/div>\n<\/div>\n<\/div>\n<\/div>\n<\/div>\n<\/div>\n<\/div>\n","protected":false},"excerpt":{"rendered":"<p>Privatsph\u00e4re und Datenschutz Wir freuen uns \u00fcber Ihr Interesse an unserer Homepage und unserem Unternehmen. F\u00fcr externe Links zu fremden Inhalten k\u00f6nnen [&hellip;]<\/p>\n","protected":false},"author":1,"featured_media":0,"parent":0,"menu_order":0,"comment_status":"closed","ping_status":"closed","template":"","meta":{"footnotes":""},"class_list":["post-1014","page","type-page","status-publish","hentry"],"_links":{"self":[{"href":"https:\/\/www.wocadlo.de\/geo\/wp-json\/wp\/v2\/pages\/1014","targetHints":{"allow":["GET"]}}],"collection":[{"href":"https:\/\/www.wocadlo.de\/geo\/wp-json\/wp\/v2\/pages"}],"about":[{"href":"https:\/\/www.wocadlo.de\/geo\/wp-json\/wp\/v2\/types\/page"}],"author":[{"embeddable":true,"href":"https:\/\/www.wocadlo.de\/geo\/wp-json\/wp\/v2\/users\/1"}],"replies":[{"embeddable":true,"href":"https:\/\/www.wocadlo.de\/geo\/wp-json\/wp\/v2\/comments?post=1014"}],"version-history":[{"count":1,"href":"https:\/\/www.wocadlo.de\/geo\/wp-json\/wp\/v2\/pages\/1014\/revisions"}],"predecessor-version":[{"id":1015,"href":"https:\/\/www.wocadlo.de\/geo\/wp-json\/wp\/v2\/pages\/1014\/revisions\/1015"}],"wp:attachment":[{"href":"https:\/\/www.wocadlo.de\/geo\/wp-json\/wp\/v2\/media?parent=1014"}],"curies":[{"name":"wp","href":"https:\/\/api.w.org\/{rel}","templated":true}]}}