{"id":1490,"date":"2019-10-23T17:34:04","date_gmt":"2019-10-23T15:34:04","guid":{"rendered":"http:\/\/www.wocadlo.de\/geo\/?page_id=1490"},"modified":"2025-12-28T19:59:01","modified_gmt":"2025-12-28T18:59:01","slug":"start","status":"publish","type":"page","link":"https:\/\/www.wocadlo.de\/geo\/","title":{"rendered":"Start"},"content":{"rendered":"\t\t<div data-elementor-type=\"wp-page\" data-elementor-id=\"1490\" class=\"elementor elementor-1490\">\n\t\t\t\t\t\t<section class=\"elementor-section elementor-top-section elementor-element elementor-element-3ec33be6 elementor-section-boxed elementor-section-height-default elementor-section-height-default\" data-id=\"3ec33be6\" data-element_type=\"section\" data-e-type=\"section\">\n\t\t\t\t\t\t<div class=\"elementor-container elementor-column-gap-default\">\n\t\t\t\t\t<div class=\"elementor-column elementor-col-100 elementor-top-column elementor-element elementor-element-7808cc35\" data-id=\"7808cc35\" data-element_type=\"column\" data-e-type=\"column\">\n\t\t\t<div class=\"elementor-widget-wrap elementor-element-populated\">\n\t\t\t\t\t\t<div class=\"elementor-element elementor-element-a5f403e elementor-widget elementor-widget-text-editor\" data-id=\"a5f403e\" data-element_type=\"widget\" data-e-type=\"widget\" data-widget_type=\"text-editor.default\">\n\t\t\t\t<div class=\"elementor-widget-container\">\n\t\t\t\t\t\t\t\t\t\t\t\t\t\t\t\t\t<\/div>\n\t\t\t\t<\/div>\n\t\t\t\t\t<\/div>\n\t\t<\/div>\n\t\t\t\t\t<\/div>\n\t\t<\/section>\n\t\t\t\t<section class=\"elementor-section elementor-top-section elementor-element elementor-element-1c6feee elementor-section-content-middle elementor-section-boxed elementor-section-height-default elementor-section-height-default\" data-id=\"1c6feee\" data-element_type=\"section\" data-e-type=\"section\">\n\t\t\t\t\t\t<div class=\"elementor-container elementor-column-gap-default\">\n\t\t\t\t\t<div class=\"elementor-column elementor-col-100 elementor-top-column elementor-element elementor-element-92267ce\" data-id=\"92267ce\" data-element_type=\"column\" data-e-type=\"column\">\n\t\t\t<div class=\"elementor-widget-wrap elementor-element-populated\">\n\t\t\t\t\t\t<div class=\"elementor-element elementor-element-1f880a3 elementor-widget elementor-widget-image\" data-id=\"1f880a3\" data-element_type=\"widget\" data-e-type=\"widget\" data-widget_type=\"image.default\">\n\t\t\t\t<div class=\"elementor-widget-container\">\n\t\t\t\t\t\t\t\t\t\t\t\t\t\t\t<img fetchpriority=\"high\" decoding=\"async\" width=\"1732\" height=\"1155\" src=\"https:\/\/www.wocadlo.de\/geo\/wp-content\/uploads\/2018\/01\/Geocaching_Bild.jpg\" class=\"attachment-full size-full wp-image-27\" alt=\"\" srcset=\"https:\/\/www.wocadlo.de\/geo\/wp-content\/uploads\/2018\/01\/Geocaching_Bild.jpg 1732w, https:\/\/www.wocadlo.de\/geo\/wp-content\/uploads\/2018\/01\/Geocaching_Bild-300x200.jpg 300w, https:\/\/www.wocadlo.de\/geo\/wp-content\/uploads\/2018\/01\/Geocaching_Bild-768x512.jpg 768w, https:\/\/www.wocadlo.de\/geo\/wp-content\/uploads\/2018\/01\/Geocaching_Bild-1024x683.jpg 1024w, https:\/\/www.wocadlo.de\/geo\/wp-content\/uploads\/2018\/01\/Geocaching_Bild-830x553.jpg 830w, https:\/\/www.wocadlo.de\/geo\/wp-content\/uploads\/2018\/01\/Geocaching_Bild-230x153.jpg 230w, https:\/\/www.wocadlo.de\/geo\/wp-content\/uploads\/2018\/01\/Geocaching_Bild-350x233.jpg 350w, https:\/\/www.wocadlo.de\/geo\/wp-content\/uploads\/2018\/01\/Geocaching_Bild-480x320.jpg 480w, https:\/\/www.wocadlo.de\/geo\/wp-content\/uploads\/2018\/01\/Geocaching_Bild-272x182.jpg 272w\" sizes=\"(max-width: 1732px) 100vw, 1732px\" \/>\t\t\t\t\t\t\t\t\t\t\t\t\t\t\t<\/div>\n\t\t\t\t<\/div>\n\t\t\t\t\t<\/div>\n\t\t<\/div>\n\t\t\t\t\t<\/div>\n\t\t<\/section>\n\t\t\t\t<section class=\"elementor-section elementor-top-section elementor-element elementor-element-48aac24 elementor-section-boxed elementor-section-height-default elementor-section-height-default\" data-id=\"48aac24\" data-element_type=\"section\" data-e-type=\"section\">\n\t\t\t\t\t\t<div class=\"elementor-container elementor-column-gap-default\">\n\t\t\t\t\t<div class=\"elementor-column elementor-col-100 elementor-top-column elementor-element elementor-element-07a039d\" data-id=\"07a039d\" data-element_type=\"column\" data-e-type=\"column\">\n\t\t\t<div class=\"elementor-widget-wrap elementor-element-populated\">\n\t\t\t\t\t\t<div class=\"elementor-element elementor-element-aa45895 elementor-widget elementor-widget-spacer\" data-id=\"aa45895\" data-element_type=\"widget\" data-e-type=\"widget\" data-widget_type=\"spacer.default\">\n\t\t\t\t<div class=\"elementor-widget-container\">\n\t\t\t\t\t\t\t<div class=\"elementor-spacer\">\n\t\t\t<div class=\"elementor-spacer-inner\"><\/div>\n\t\t<\/div>\n\t\t\t\t\t\t<\/div>\n\t\t\t\t<\/div>\n\t\t\t\t\t<\/div>\n\t\t<\/div>\n\t\t\t\t\t<\/div>\n\t\t<\/section>\n\t\t\t\t<section class=\"elementor-section elementor-top-section elementor-element elementor-element-60584561 elementor-section-content-middle elementor-section-boxed elementor-section-height-default elementor-section-height-default\" data-id=\"60584561\" data-element_type=\"section\" data-e-type=\"section\">\n\t\t\t\t\t\t<div class=\"elementor-container elementor-column-gap-default\">\n\t\t\t\t\t<div class=\"elementor-column elementor-col-100 elementor-top-column elementor-element elementor-element-7cfa4b04\" data-id=\"7cfa4b04\" data-element_type=\"column\" data-e-type=\"column\">\n\t\t\t<div class=\"elementor-widget-wrap elementor-element-populated\">\n\t\t\t\t\t\t<div class=\"elementor-element elementor-element-3f829f77 elementor-widget elementor-widget-heading\" data-id=\"3f829f77\" data-element_type=\"widget\" data-e-type=\"widget\" data-widget_type=\"heading.default\">\n\t\t\t\t<div class=\"elementor-widget-container\">\n\t\t\t\t\t<h3 class=\"elementor-heading-title elementor-size-large\">Entspannt durch die Natur\u200b<\/h3>\t\t\t\t<\/div>\n\t\t\t\t<\/div>\n\t\t\t\t<div class=\"elementor-element elementor-element-2baf304f elementor-widget elementor-widget-text-editor\" data-id=\"2baf304f\" data-element_type=\"widget\" data-e-type=\"widget\" data-widget_type=\"text-editor.default\">\n\t\t\t\t<div class=\"elementor-widget-container\">\n\t\t\t\t\t\t\t\t\t<p><span style=\"color: #808080;\">Herzlich willkommen zu unseren gef\u00fchrten Geocaching-Touren! Auf unseren spannenden 12 verschiedenen Routen k\u00f6nnen Sie mit 1 bis 4 Gruppen mit bis zu 60 Personen 25 Aufgaben zu Flora und Fauna, M\u00e4rchen, Logik sowie interaktiven R\u00e4tseln l\u00f6sen. Ausgestattet mit GPS-Ger\u00e4t, Karte, Laser, Kryptex und UV-Lampe erwartet Sie ein unvergessliches Abenteuer.<\/span><\/p>\t\t\t\t\t\t\t\t<\/div>\n\t\t\t\t<\/div>\n\t\t\t\t\t<\/div>\n\t\t<\/div>\n\t\t\t\t\t<\/div>\n\t\t<\/section>\n\t\t\t\t<section class=\"elementor-section elementor-top-section elementor-element elementor-element-1a451ea elementor-section-boxed elementor-section-height-default elementor-section-height-default\" data-id=\"1a451ea\" data-element_type=\"section\" data-e-type=\"section\">\n\t\t\t\t\t\t<div class=\"elementor-container elementor-column-gap-default\">\n\t\t\t\t\t<div class=\"elementor-column elementor-col-100 elementor-top-column elementor-element elementor-element-2cbacc1\" data-id=\"2cbacc1\" data-element_type=\"column\" data-e-type=\"column\">\n\t\t\t<div class=\"elementor-widget-wrap elementor-element-populated\">\n\t\t\t\t\t\t<div class=\"elementor-element elementor-element-678a17f elementor-widget elementor-widget-spacer\" data-id=\"678a17f\" data-element_type=\"widget\" data-e-type=\"widget\" data-widget_type=\"spacer.default\">\n\t\t\t\t<div class=\"elementor-widget-container\">\n\t\t\t\t\t\t\t<div class=\"elementor-spacer\">\n\t\t\t<div class=\"elementor-spacer-inner\"><\/div>\n\t\t<\/div>\n\t\t\t\t\t\t<\/div>\n\t\t\t\t<\/div>\n\t\t\t\t\t<\/div>\n\t\t<\/div>\n\t\t\t\t\t<\/div>\n\t\t<\/section>\n\t\t\t\t<section class=\"elementor-section elementor-top-section elementor-element elementor-element-1bbc6ab elementor-section-content-middle elementor-section-boxed elementor-section-height-default elementor-section-height-default\" data-id=\"1bbc6ab\" data-element_type=\"section\" data-e-type=\"section\">\n\t\t\t\t\t\t<div class=\"elementor-container elementor-column-gap-default\">\n\t\t\t\t\t<div class=\"elementor-column elementor-col-50 elementor-top-column elementor-element elementor-element-ce27d11\" data-id=\"ce27d11\" data-element_type=\"column\" data-e-type=\"column\">\n\t\t\t<div class=\"elementor-widget-wrap elementor-element-populated\">\n\t\t\t\t\t\t<div class=\"elementor-element elementor-element-5bdc128 elementor-widget elementor-widget-heading\" data-id=\"5bdc128\" data-element_type=\"widget\" data-e-type=\"widget\" data-widget_type=\"heading.default\">\n\t\t\t\t<div class=\"elementor-widget-container\">\n\t\t\t\t\t<h3 class=\"elementor-heading-title elementor-size-large\">Der kreativste K\u00fcnstler ist die Natur\u200b<\/h3>\t\t\t\t<\/div>\n\t\t\t\t<\/div>\n\t\t\t\t<div class=\"elementor-element elementor-element-1ac6187 elementor-widget elementor-widget-text-editor\" data-id=\"1ac6187\" data-element_type=\"widget\" data-e-type=\"widget\" data-widget_type=\"text-editor.default\">\n\t\t\t\t<div class=\"elementor-widget-container\">\n\t\t\t\t\t\t\t\t\t<p><span style=\"color: #808080;\">Zum Ablauf<\/span><\/p>\t\t\t\t\t\t\t\t<\/div>\n\t\t\t\t<\/div>\n\t\t\t\t<div class=\"elementor-element elementor-element-8967a3c elementor-widget elementor-widget-button\" data-id=\"8967a3c\" data-element_type=\"widget\" data-e-type=\"widget\" data-widget_type=\"button.default\">\n\t\t\t\t<div class=\"elementor-widget-container\">\n\t\t\t\t\t\t\t\t\t<div class=\"elementor-button-wrapper\">\n\t\t\t\t\t<a class=\"elementor-button elementor-button-link elementor-size-sm\" href=\"http:\/\/www.wocadlo.de\/geo\/ablauf-2-2\/\" target=\"_blank\">\n\t\t\t\t\t\t<span class=\"elementor-button-content-wrapper\">\n\t\t\t\t\t\t\t\t\t<span class=\"elementor-button-text\">Hier Klicken<\/span>\n\t\t\t\t\t<\/span>\n\t\t\t\t\t<\/a>\n\t\t\t\t<\/div>\n\t\t\t\t\t\t\t\t<\/div>\n\t\t\t\t<\/div>\n\t\t\t\t<div class=\"elementor-element elementor-element-345bc2c elementor-widget elementor-widget-spacer\" data-id=\"345bc2c\" data-element_type=\"widget\" data-e-type=\"widget\" data-widget_type=\"spacer.default\">\n\t\t\t\t<div class=\"elementor-widget-container\">\n\t\t\t\t\t\t\t<div class=\"elementor-spacer\">\n\t\t\t<div class=\"elementor-spacer-inner\"><\/div>\n\t\t<\/div>\n\t\t\t\t\t\t<\/div>\n\t\t\t\t<\/div>\n\t\t\t\t\t<\/div>\n\t\t<\/div>\n\t\t\t\t<div class=\"elementor-column elementor-col-50 elementor-top-column elementor-element elementor-element-615fa59\" data-id=\"615fa59\" data-element_type=\"column\" data-e-type=\"column\">\n\t\t\t<div class=\"elementor-widget-wrap elementor-element-populated\">\n\t\t\t\t\t\t<div class=\"elementor-element elementor-element-08cb7f3 elementor-widget elementor-widget-image\" data-id=\"08cb7f3\" data-element_type=\"widget\" data-e-type=\"widget\" data-widget_type=\"image.default\">\n\t\t\t\t<div class=\"elementor-widget-container\">\n\t\t\t\t\t\t\t\t\t\t\t\t\t\t\t<img decoding=\"async\" width=\"1700\" height=\"1133\" src=\"https:\/\/www.wocadlo.de\/geo\/wp-content\/uploads\/2019\/08\/1002-geocaching-1700-bild-nr-01.jpg\" class=\"attachment-full size-full wp-image-1271\" alt=\"\" srcset=\"https:\/\/www.wocadlo.de\/geo\/wp-content\/uploads\/2019\/08\/1002-geocaching-1700-bild-nr-01.jpg 1700w, https:\/\/www.wocadlo.de\/geo\/wp-content\/uploads\/2019\/08\/1002-geocaching-1700-bild-nr-01-300x200.jpg 300w, https:\/\/www.wocadlo.de\/geo\/wp-content\/uploads\/2019\/08\/1002-geocaching-1700-bild-nr-01-768x512.jpg 768w, https:\/\/www.wocadlo.de\/geo\/wp-content\/uploads\/2019\/08\/1002-geocaching-1700-bild-nr-01-1024x682.jpg 1024w, https:\/\/www.wocadlo.de\/geo\/wp-content\/uploads\/2019\/08\/1002-geocaching-1700-bild-nr-01-830x553.jpg 830w, https:\/\/www.wocadlo.de\/geo\/wp-content\/uploads\/2019\/08\/1002-geocaching-1700-bild-nr-01-230x153.jpg 230w, https:\/\/www.wocadlo.de\/geo\/wp-content\/uploads\/2019\/08\/1002-geocaching-1700-bild-nr-01-350x233.jpg 350w, https:\/\/www.wocadlo.de\/geo\/wp-content\/uploads\/2019\/08\/1002-geocaching-1700-bild-nr-01-480x320.jpg 480w, https:\/\/www.wocadlo.de\/geo\/wp-content\/uploads\/2019\/08\/1002-geocaching-1700-bild-nr-01-272x182.jpg 272w\" sizes=\"(max-width: 1700px) 100vw, 1700px\" \/>\t\t\t\t\t\t\t\t\t\t\t\t\t\t\t<\/div>\n\t\t\t\t<\/div>\n\t\t\t\t\t<\/div>\n\t\t<\/div>\n\t\t\t\t\t<\/div>\n\t\t<\/section>\n\t\t\t\t<section class=\"elementor-section elementor-top-section elementor-element elementor-element-0d7b134 elementor-section-boxed elementor-section-height-default elementor-section-height-default\" data-id=\"0d7b134\" data-element_type=\"section\" data-e-type=\"section\">\n\t\t\t\t\t\t<div class=\"elementor-container elementor-column-gap-default\">\n\t\t\t\t\t<div class=\"elementor-column elementor-col-100 elementor-top-column elementor-element elementor-element-a56c57a\" data-id=\"a56c57a\" data-element_type=\"column\" data-e-type=\"column\">\n\t\t\t<div class=\"elementor-widget-wrap elementor-element-populated\">\n\t\t\t\t\t\t<div class=\"elementor-element elementor-element-34fe915 elementor-widget elementor-widget-spacer\" data-id=\"34fe915\" data-element_type=\"widget\" data-e-type=\"widget\" data-widget_type=\"spacer.default\">\n\t\t\t\t<div class=\"elementor-widget-container\">\n\t\t\t\t\t\t\t<div class=\"elementor-spacer\">\n\t\t\t<div class=\"elementor-spacer-inner\"><\/div>\n\t\t<\/div>\n\t\t\t\t\t\t<\/div>\n\t\t\t\t<\/div>\n\t\t\t\t\t<\/div>\n\t\t<\/div>\n\t\t\t\t\t<\/div>\n\t\t<\/section>\n\t\t\t\t<section class=\"elementor-section elementor-top-section elementor-element elementor-element-285c0210 elementor-section-content-middle elementor-reverse-mobile elementor-section-boxed elementor-section-height-default elementor-section-height-default\" data-id=\"285c0210\" data-element_type=\"section\" data-e-type=\"section\">\n\t\t\t\t\t\t<div class=\"elementor-container elementor-column-gap-default\">\n\t\t\t\t\t<div class=\"elementor-column elementor-col-50 elementor-top-column elementor-element elementor-element-8c2a3e\" data-id=\"8c2a3e\" data-element_type=\"column\" data-e-type=\"column\">\n\t\t\t<div class=\"elementor-widget-wrap elementor-element-populated\">\n\t\t\t\t\t\t<div class=\"elementor-element elementor-element-4db2d459 elementor-widget elementor-widget-image\" data-id=\"4db2d459\" data-element_type=\"widget\" data-e-type=\"widget\" data-widget_type=\"image.default\">\n\t\t\t\t<div class=\"elementor-widget-container\">\n\t\t\t\t\t\t\t\t\t\t\t\t\t\t\t<img decoding=\"async\" width=\"1802\" height=\"1184\" src=\"https:\/\/www.wocadlo.de\/geo\/wp-content\/uploads\/2018\/02\/Geocaching-Baumkronenweg-Bild-03.jpg\" class=\"attachment-full size-full wp-image-835\" alt=\"\" srcset=\"https:\/\/www.wocadlo.de\/geo\/wp-content\/uploads\/2018\/02\/Geocaching-Baumkronenweg-Bild-03.jpg 1802w, https:\/\/www.wocadlo.de\/geo\/wp-content\/uploads\/2018\/02\/Geocaching-Baumkronenweg-Bild-03-300x197.jpg 300w, https:\/\/www.wocadlo.de\/geo\/wp-content\/uploads\/2018\/02\/Geocaching-Baumkronenweg-Bild-03-768x505.jpg 768w, https:\/\/www.wocadlo.de\/geo\/wp-content\/uploads\/2018\/02\/Geocaching-Baumkronenweg-Bild-03-1024x673.jpg 1024w, https:\/\/www.wocadlo.de\/geo\/wp-content\/uploads\/2018\/02\/Geocaching-Baumkronenweg-Bild-03-830x545.jpg 830w, https:\/\/www.wocadlo.de\/geo\/wp-content\/uploads\/2018\/02\/Geocaching-Baumkronenweg-Bild-03-230x151.jpg 230w, https:\/\/www.wocadlo.de\/geo\/wp-content\/uploads\/2018\/02\/Geocaching-Baumkronenweg-Bild-03-350x230.jpg 350w, https:\/\/www.wocadlo.de\/geo\/wp-content\/uploads\/2018\/02\/Geocaching-Baumkronenweg-Bild-03-480x315.jpg 480w\" sizes=\"(max-width: 1802px) 100vw, 1802px\" \/>\t\t\t\t\t\t\t\t\t\t\t\t\t\t\t<\/div>\n\t\t\t\t<\/div>\n\t\t\t\t\t<\/div>\n\t\t<\/div>\n\t\t\t\t<div class=\"elementor-column elementor-col-50 elementor-top-column elementor-element elementor-element-20d0c44a\" data-id=\"20d0c44a\" data-element_type=\"column\" data-e-type=\"column\">\n\t\t\t<div class=\"elementor-widget-wrap elementor-element-populated\">\n\t\t\t\t\t\t<div class=\"elementor-element elementor-element-1fbe2e0f elementor-widget elementor-widget-heading\" data-id=\"1fbe2e0f\" data-element_type=\"widget\" data-e-type=\"widget\" data-widget_type=\"heading.default\">\n\t\t\t\t<div class=\"elementor-widget-container\">\n\t\t\t\t\t<h3 class=\"elementor-heading-title elementor-size-large\">Genie\u00dfe die Sch\u00f6nheit der Natur<\/h3>\t\t\t\t<\/div>\n\t\t\t\t<\/div>\n\t\t\t\t<div class=\"elementor-element elementor-element-5490338 elementor-widget elementor-widget-text-editor\" data-id=\"5490338\" data-element_type=\"widget\" data-e-type=\"widget\" data-widget_type=\"text-editor.default\">\n\t\t\t\t<div class=\"elementor-widget-container\">\n\t\t\t\t\t\t\t\t\t<p>\u00a0Zu den Routen<\/p>\t\t\t\t\t\t\t\t<\/div>\n\t\t\t\t<\/div>\n\t\t\t\t<div class=\"elementor-element elementor-element-73a050aa elementor-align-right elementor-widget elementor-widget-button\" data-id=\"73a050aa\" data-element_type=\"widget\" data-e-type=\"widget\" data-widget_type=\"button.default\">\n\t\t\t\t<div class=\"elementor-widget-container\">\n\t\t\t\t\t\t\t\t\t<div class=\"elementor-button-wrapper\">\n\t\t\t\t\t<a class=\"elementor-button elementor-button-link elementor-size-sm\" href=\"http:\/\/www.wocadlo.de\/geo\/geocaching-routen\/\" target=\"_blank\">\n\t\t\t\t\t\t<span class=\"elementor-button-content-wrapper\">\n\t\t\t\t\t\t\t\t\t<span class=\"elementor-button-text\">Hier Klicken<\/span>\n\t\t\t\t\t<\/span>\n\t\t\t\t\t<\/a>\n\t\t\t\t<\/div>\n\t\t\t\t\t\t\t\t<\/div>\n\t\t\t\t<\/div>\n\t\t\t\t<div class=\"elementor-element elementor-element-1ec2624 elementor-widget elementor-widget-spacer\" data-id=\"1ec2624\" data-element_type=\"widget\" data-e-type=\"widget\" data-widget_type=\"spacer.default\">\n\t\t\t\t<div class=\"elementor-widget-container\">\n\t\t\t\t\t\t\t<div class=\"elementor-spacer\">\n\t\t\t<div class=\"elementor-spacer-inner\"><\/div>\n\t\t<\/div>\n\t\t\t\t\t\t<\/div>\n\t\t\t\t<\/div>\n\t\t\t\t\t<\/div>\n\t\t<\/div>\n\t\t\t\t\t<\/div>\n\t\t<\/section>\n\t\t\t\t<\/div>\n\t\t","protected":false},"excerpt":{"rendered":"<p>Entspannt durch die Natur\u200b Herzlich willkommen zu unseren gef\u00fchrten Geocaching-Touren! Auf unseren spannenden 12 verschiedenen Routen k\u00f6nnen Sie mit 1 bis 4 [&hellip;]<\/p>\n","protected":false},"author":1,"featured_media":0,"parent":0,"menu_order":0,"comment_status":"closed","ping_status":"closed","template":"","meta":{"footnotes":""},"class_list":["post-1490","page","type-page","status-publish","hentry"],"_links":{"self":[{"href":"https:\/\/www.wocadlo.de\/geo\/wp-json\/wp\/v2\/pages\/1490","targetHints":{"allow":["GET"]}}],"collection":[{"href":"https:\/\/www.wocadlo.de\/geo\/wp-json\/wp\/v2\/pages"}],"about":[{"href":"https:\/\/www.wocadlo.de\/geo\/wp-json\/wp\/v2\/types\/page"}],"author":[{"embeddable":true,"href":"https:\/\/www.wocadlo.de\/geo\/wp-json\/wp\/v2\/users\/1"}],"replies":[{"embeddable":true,"href":"https:\/\/www.wocadlo.de\/geo\/wp-json\/wp\/v2\/comments?post=1490"}],"version-history":[{"count":64,"href":"https:\/\/www.wocadlo.de\/geo\/wp-json\/wp\/v2\/pages\/1490\/revisions"}],"predecessor-version":[{"id":2704,"href":"https:\/\/www.wocadlo.de\/geo\/wp-json\/wp\/v2\/pages\/1490\/revisions\/2704"}],"wp:attachment":[{"href":"https:\/\/www.wocadlo.de\/geo\/wp-json\/wp\/v2\/media?parent=1490"}],"curies":[{"name":"wp","href":"https:\/\/api.w.org\/{rel}","templated":true}]}}