{"id":1537,"date":"2019-11-12T14:30:54","date_gmt":"2019-11-12T13:30:54","guid":{"rendered":"http:\/\/www.wocadlo.de\/geo\/?page_id=1537"},"modified":"2020-01-20T23:12:09","modified_gmt":"2020-01-20T22:12:09","slug":"zuendstoff-city","status":"publish","type":"page","link":"https:\/\/www.wocadlo.de\/geo\/zuendstoff-city\/","title":{"rendered":"Geocaching Z\u00fcndstoff-City"},"content":{"rendered":"\t\t<div data-elementor-type=\"wp-page\" data-elementor-id=\"1537\" class=\"elementor elementor-1537\">\n\t\t\t\t\t\t<section class=\"elementor-section elementor-top-section elementor-element elementor-element-3d95b501 elementor-section-full_width elementor-section-height-default elementor-section-height-default\" data-id=\"3d95b501\" data-element_type=\"section\" data-e-type=\"section\">\n\t\t\t\t\t\t<div class=\"elementor-container elementor-column-gap-default\">\n\t\t\t\t\t<div class=\"elementor-column elementor-col-100 elementor-top-column elementor-element elementor-element-9021e0a\" data-id=\"9021e0a\" data-element_type=\"column\" data-e-type=\"column\">\n\t\t\t<div class=\"elementor-widget-wrap elementor-element-populated\">\n\t\t\t\t\t\t<div class=\"elementor-element elementor-element-52feeb66 elementor-widget elementor-widget-image\" data-id=\"52feeb66\" data-element_type=\"widget\" data-e-type=\"widget\" data-widget_type=\"image.default\">\n\t\t\t\t<div class=\"elementor-widget-container\">\n\t\t\t\t\t\t\t\t\t\t\t\t\t\t\t<img fetchpriority=\"high\" decoding=\"async\" width=\"1812\" height=\"1200\" src=\"https:\/\/www.wocadlo.de\/geo\/wp-content\/uploads\/2019\/11\/lw.jpg\" class=\"attachment-full size-full wp-image-1714\" alt=\"\" srcset=\"https:\/\/www.wocadlo.de\/geo\/wp-content\/uploads\/2019\/11\/lw.jpg 1812w, https:\/\/www.wocadlo.de\/geo\/wp-content\/uploads\/2019\/11\/lw-300x199.jpg 300w, https:\/\/www.wocadlo.de\/geo\/wp-content\/uploads\/2019\/11\/lw-768x509.jpg 768w, https:\/\/www.wocadlo.de\/geo\/wp-content\/uploads\/2019\/11\/lw-1024x678.jpg 1024w, https:\/\/www.wocadlo.de\/geo\/wp-content\/uploads\/2019\/11\/lw-830x550.jpg 830w, https:\/\/www.wocadlo.de\/geo\/wp-content\/uploads\/2019\/11\/lw-230x152.jpg 230w, https:\/\/www.wocadlo.de\/geo\/wp-content\/uploads\/2019\/11\/lw-350x232.jpg 350w, https:\/\/www.wocadlo.de\/geo\/wp-content\/uploads\/2019\/11\/lw-480x318.jpg 480w\" sizes=\"(max-width: 1812px) 100vw, 1812px\" \/>\t\t\t\t\t\t\t\t\t\t\t\t\t\t\t<\/div>\n\t\t\t\t<\/div>\n\t\t\t\t\t<\/div>\n\t\t<\/div>\n\t\t\t\t\t<\/div>\n\t\t<\/section>\n\t\t\t\t<section class=\"elementor-section elementor-top-section elementor-element elementor-element-314aa2f elementor-section-boxed elementor-section-height-default elementor-section-height-default\" data-id=\"314aa2f\" data-element_type=\"section\" data-e-type=\"section\">\n\t\t\t\t\t\t<div class=\"elementor-container elementor-column-gap-default\">\n\t\t\t\t\t<div class=\"elementor-column elementor-col-100 elementor-top-column elementor-element elementor-element-b65e899\" data-id=\"b65e899\" data-element_type=\"column\" data-e-type=\"column\">\n\t\t\t<div class=\"elementor-widget-wrap elementor-element-populated\">\n\t\t\t\t\t\t<div class=\"elementor-element elementor-element-06569e5 elementor-widget elementor-widget-spacer\" data-id=\"06569e5\" data-element_type=\"widget\" data-e-type=\"widget\" data-widget_type=\"spacer.default\">\n\t\t\t\t<div class=\"elementor-widget-container\">\n\t\t\t\t\t\t\t<div class=\"elementor-spacer\">\n\t\t\t<div class=\"elementor-spacer-inner\"><\/div>\n\t\t<\/div>\n\t\t\t\t\t\t<\/div>\n\t\t\t\t<\/div>\n\t\t\t\t\t<\/div>\n\t\t<\/div>\n\t\t\t\t\t<\/div>\n\t\t<\/section>\n\t\t\t\t<section class=\"elementor-section elementor-top-section elementor-element elementor-element-560b6e30 elementor-section-content-middle elementor-section-boxed elementor-section-height-default elementor-section-height-default\" data-id=\"560b6e30\" data-element_type=\"section\" data-e-type=\"section\">\n\t\t\t\t\t\t<div class=\"elementor-container elementor-column-gap-default\">\n\t\t\t\t\t<div class=\"elementor-column elementor-col-50 elementor-top-column elementor-element elementor-element-b25c969\" data-id=\"b25c969\" data-element_type=\"column\" data-e-type=\"column\">\n\t\t\t<div class=\"elementor-widget-wrap elementor-element-populated\">\n\t\t\t\t\t\t<div class=\"elementor-element elementor-element-6e37f7e1 elementor-widget elementor-widget-heading\" data-id=\"6e37f7e1\" data-element_type=\"widget\" data-e-type=\"widget\" data-widget_type=\"heading.default\">\n\t\t\t\t<div class=\"elementor-widget-container\">\n\t\t\t\t\t<h3 class=\"elementor-heading-title elementor-size-large\">Herzlich Willkommen<\/h3>\t\t\t\t<\/div>\n\t\t\t\t<\/div>\n\t\t\t\t<div class=\"elementor-element elementor-element-1b6006bf elementor-widget elementor-widget-text-editor\" data-id=\"1b6006bf\" data-element_type=\"widget\" data-e-type=\"widget\" data-widget_type=\"text-editor.default\">\n\t\t\t\t<div class=\"elementor-widget-container\">\n\t\t\t\t\t\t\t\t\t<p style=\"text-align: left;\">bei unseren gef\u00fchrten Geocaching-Tour in Z\u00fcndstoff-City am Edersee.<br \/>Kennen Sie die Daltons, Buffalo Bill und Wyatt Earp?<br \/>Auf unseren inszenierten Routen l\u00f6sen Sie mit allen Gruppen 25 Aufgaben \u00fcber Flora und Fauna, M\u00e4rchen, Wilden Westen und Logik und interaktive R\u00e4tsel mit GPS-Ger\u00e4t, Karte, Laser und UV Lampe. Es sind drei Gruppen m\u00f6glich.<br \/>Mit einer Tourf\u00fchrerin folgen Sie den R\u00e4tselspuren und kommen so dem Schatz Etappe f\u00fcr Etappe n\u00e4her.<\/p>\t\t\t\t\t\t\t\t<\/div>\n\t\t\t\t<\/div>\n\t\t\t\t<div class=\"elementor-element elementor-element-62308c67 elementor-widget elementor-widget-button\" data-id=\"62308c67\" data-element_type=\"widget\" data-e-type=\"widget\" data-widget_type=\"button.default\">\n\t\t\t\t<div class=\"elementor-widget-container\">\n\t\t\t\t\t\t\t\t\t<div class=\"elementor-button-wrapper\">\n\t\t\t\t\t<a class=\"elementor-button elementor-button-link elementor-size-sm\" href=\"http:\/\/www.wocadlo.de\/geo\/ablauf-2-2\/\" target=\"_blank\">\n\t\t\t\t\t\t<span class=\"elementor-button-content-wrapper\">\n\t\t\t\t\t\t\t\t\t<span class=\"elementor-button-text\">Erfahren Sie mehr<\/span>\n\t\t\t\t\t<\/span>\n\t\t\t\t\t<\/a>\n\t\t\t\t<\/div>\n\t\t\t\t\t\t\t\t<\/div>\n\t\t\t\t<\/div>\n\t\t\t\t\t<\/div>\n\t\t<\/div>\n\t\t\t\t<div class=\"elementor-column elementor-col-50 elementor-top-column elementor-element elementor-element-776b8460\" data-id=\"776b8460\" data-element_type=\"column\" data-e-type=\"column\">\n\t\t\t<div class=\"elementor-widget-wrap elementor-element-populated\">\n\t\t\t\t\t\t<div class=\"elementor-element elementor-element-ef6ca2d elementor-widget elementor-widget-spacer\" data-id=\"ef6ca2d\" data-element_type=\"widget\" data-e-type=\"widget\" data-widget_type=\"spacer.default\">\n\t\t\t\t<div class=\"elementor-widget-container\">\n\t\t\t\t\t\t\t<div class=\"elementor-spacer\">\n\t\t\t<div class=\"elementor-spacer-inner\"><\/div>\n\t\t<\/div>\n\t\t\t\t\t\t<\/div>\n\t\t\t\t<\/div>\n\t\t\t\t<div class=\"elementor-element elementor-element-60778be3 elementor-widget elementor-widget-image\" data-id=\"60778be3\" data-element_type=\"widget\" data-e-type=\"widget\" data-widget_type=\"image.default\">\n\t\t\t\t<div class=\"elementor-widget-container\">\n\t\t\t\t\t\t\t\t\t\t\t\t\t\t\t\t<a href=\"http:\/\/www.wocadlo.de\/geo\/ablauf-2-2\/\" target=\"_blank\">\n\t\t\t\t\t\t\t<img decoding=\"async\" width=\"1700\" height=\"1200\" src=\"https:\/\/www.wocadlo.de\/geo\/wp-content\/uploads\/2019\/08\/1009-geocaching-1700-bild-nr-08.jpg\" class=\"attachment-full size-full wp-image-1270\" alt=\"\" srcset=\"https:\/\/www.wocadlo.de\/geo\/wp-content\/uploads\/2019\/08\/1009-geocaching-1700-bild-nr-08.jpg 1700w, https:\/\/www.wocadlo.de\/geo\/wp-content\/uploads\/2019\/08\/1009-geocaching-1700-bild-nr-08-300x212.jpg 300w, https:\/\/www.wocadlo.de\/geo\/wp-content\/uploads\/2019\/08\/1009-geocaching-1700-bild-nr-08-768x542.jpg 768w, https:\/\/www.wocadlo.de\/geo\/wp-content\/uploads\/2019\/08\/1009-geocaching-1700-bild-nr-08-1024x723.jpg 1024w, https:\/\/www.wocadlo.de\/geo\/wp-content\/uploads\/2019\/08\/1009-geocaching-1700-bild-nr-08-830x586.jpg 830w, https:\/\/www.wocadlo.de\/geo\/wp-content\/uploads\/2019\/08\/1009-geocaching-1700-bild-nr-08-230x162.jpg 230w, https:\/\/www.wocadlo.de\/geo\/wp-content\/uploads\/2019\/08\/1009-geocaching-1700-bild-nr-08-350x247.jpg 350w, https:\/\/www.wocadlo.de\/geo\/wp-content\/uploads\/2019\/08\/1009-geocaching-1700-bild-nr-08-480x339.jpg 480w\" sizes=\"(max-width: 1700px) 100vw, 1700px\" \/>\t\t\t\t\t\t\t\t<\/a>\n\t\t\t\t\t\t\t\t\t\t\t\t\t\t\t<\/div>\n\t\t\t\t<\/div>\n\t\t\t\t\t<\/div>\n\t\t<\/div>\n\t\t\t\t\t<\/div>\n\t\t<\/section>\n\t\t\t\t<section class=\"elementor-section elementor-top-section elementor-element elementor-element-76b11fa elementor-section-boxed elementor-section-height-default elementor-section-height-default\" data-id=\"76b11fa\" data-element_type=\"section\" data-e-type=\"section\">\n\t\t\t\t\t\t<div class=\"elementor-container elementor-column-gap-default\">\n\t\t\t\t\t<div class=\"elementor-column elementor-col-100 elementor-top-column elementor-element elementor-element-ec2bef3\" data-id=\"ec2bef3\" data-element_type=\"column\" data-e-type=\"column\">\n\t\t\t<div class=\"elementor-widget-wrap elementor-element-populated\">\n\t\t\t\t\t\t<div class=\"elementor-element elementor-element-5c4c6c6 elementor-widget elementor-widget-spacer\" data-id=\"5c4c6c6\" data-element_type=\"widget\" data-e-type=\"widget\" data-widget_type=\"spacer.default\">\n\t\t\t\t<div class=\"elementor-widget-container\">\n\t\t\t\t\t\t\t<div class=\"elementor-spacer\">\n\t\t\t<div class=\"elementor-spacer-inner\"><\/div>\n\t\t<\/div>\n\t\t\t\t\t\t<\/div>\n\t\t\t\t<\/div>\n\t\t\t\t\t<\/div>\n\t\t<\/div>\n\t\t\t\t\t<\/div>\n\t\t<\/section>\n\t\t\t\t<section class=\"elementor-section elementor-top-section elementor-element elementor-element-654ebfb elementor-section-content-middle elementor-section-boxed elementor-section-height-default elementor-section-height-default\" data-id=\"654ebfb\" data-element_type=\"section\" data-e-type=\"section\">\n\t\t\t\t\t\t<div class=\"elementor-container elementor-column-gap-default\">\n\t\t\t\t\t<div class=\"elementor-column elementor-col-50 elementor-top-column elementor-element elementor-element-57bf3bd\" data-id=\"57bf3bd\" data-element_type=\"column\" data-e-type=\"column\">\n\t\t\t<div class=\"elementor-widget-wrap elementor-element-populated\">\n\t\t\t\t\t\t<div class=\"elementor-element elementor-element-0636ef6 elementor-widget elementor-widget-heading\" data-id=\"0636ef6\" data-element_type=\"widget\" data-e-type=\"widget\" data-widget_type=\"heading.default\">\n\t\t\t\t<div class=\"elementor-widget-container\">\n\t\t\t\t\t<h3 class=\"elementor-heading-title elementor-size-large\">Beschreibung<\/h3>\t\t\t\t<\/div>\n\t\t\t\t<\/div>\n\t\t\t\t<div class=\"elementor-element elementor-element-c0a5668 elementor-widget elementor-widget-text-editor\" data-id=\"c0a5668\" data-element_type=\"widget\" data-e-type=\"widget\" data-widget_type=\"text-editor.default\">\n\t\t\t\t<div class=\"elementor-widget-container\">\n\t\t\t\t\t\t\t\t\t<p>Eine gef\u00fchrte Tour durch die Westernstadt Z\u00fcndstoff-City am Edersee und dem Peterskopf mit traumhaften Ausblicken auf die Standseilbahn und den <a title=\"Affolderner See\" href=\"https:\/\/de.wikipedia.org\/wiki\/Affolderner_See\">Affolderner See <\/a>inmitten der reizvollen Mittelgebirgslandschaft des Naturparks Kellerwald-Edersee.<\/p>\t\t\t\t\t\t\t\t<\/div>\n\t\t\t\t<\/div>\n\t\t\t\t<div class=\"elementor-element elementor-element-844ed86 elementor-widget elementor-widget-button\" data-id=\"844ed86\" data-element_type=\"widget\" data-e-type=\"widget\" data-widget_type=\"button.default\">\n\t\t\t\t<div class=\"elementor-widget-container\">\n\t\t\t\t\t\t\t\t\t<div class=\"elementor-button-wrapper\">\n\t\t\t\t\t<a class=\"elementor-button elementor-button-link elementor-size-sm\" href=\"http:\/\/www.wocadlo.de\/geo\/ablauf-2-2\/\" target=\"_blank\">\n\t\t\t\t\t\t<span class=\"elementor-button-content-wrapper\">\n\t\t\t\t\t\t\t\t\t<span class=\"elementor-button-text\">Erfahren Sie mehr<\/span>\n\t\t\t\t\t<\/span>\n\t\t\t\t\t<\/a>\n\t\t\t\t<\/div>\n\t\t\t\t\t\t\t\t<\/div>\n\t\t\t\t<\/div>\n\t\t\t\t\t<\/div>\n\t\t<\/div>\n\t\t\t\t<div class=\"elementor-column elementor-col-50 elementor-top-column elementor-element elementor-element-7561c54\" data-id=\"7561c54\" data-element_type=\"column\" data-e-type=\"column\">\n\t\t\t<div class=\"elementor-widget-wrap elementor-element-populated\">\n\t\t\t\t\t\t<div class=\"elementor-element elementor-element-ae48b6a elementor-widget elementor-widget-spacer\" data-id=\"ae48b6a\" data-element_type=\"widget\" data-e-type=\"widget\" data-widget_type=\"spacer.default\">\n\t\t\t\t<div class=\"elementor-widget-container\">\n\t\t\t\t\t\t\t<div class=\"elementor-spacer\">\n\t\t\t<div class=\"elementor-spacer-inner\"><\/div>\n\t\t<\/div>\n\t\t\t\t\t\t<\/div>\n\t\t\t\t<\/div>\n\t\t\t\t<div class=\"elementor-element elementor-element-6c576e9e elementor-widget elementor-widget-image\" data-id=\"6c576e9e\" data-element_type=\"widget\" data-e-type=\"widget\" data-widget_type=\"image.default\">\n\t\t\t\t<div class=\"elementor-widget-container\">\n\t\t\t\t\t\t\t\t\t\t\t\t\t\t\t\t<a href=\"http:\/\/www.wocadlo.de\/geo\/ablauf-2-2\/\" target=\"_blank\">\n\t\t\t\t\t\t\t<img decoding=\"async\" width=\"1024\" height=\"682\" src=\"https:\/\/www.wocadlo.de\/geo\/wp-content\/uploads\/2019\/11\/zs.jpg\" class=\"attachment-full size-full wp-image-1600\" alt=\"\" srcset=\"https:\/\/www.wocadlo.de\/geo\/wp-content\/uploads\/2019\/11\/zs.jpg 1024w, https:\/\/www.wocadlo.de\/geo\/wp-content\/uploads\/2019\/11\/zs-300x200.jpg 300w, https:\/\/www.wocadlo.de\/geo\/wp-content\/uploads\/2019\/11\/zs-768x512.jpg 768w, https:\/\/www.wocadlo.de\/geo\/wp-content\/uploads\/2019\/11\/zs-830x553.jpg 830w, https:\/\/www.wocadlo.de\/geo\/wp-content\/uploads\/2019\/11\/zs-230x153.jpg 230w, https:\/\/www.wocadlo.de\/geo\/wp-content\/uploads\/2019\/11\/zs-350x233.jpg 350w, https:\/\/www.wocadlo.de\/geo\/wp-content\/uploads\/2019\/11\/zs-480x320.jpg 480w, https:\/\/www.wocadlo.de\/geo\/wp-content\/uploads\/2019\/11\/zs-272x182.jpg 272w\" sizes=\"(max-width: 1024px) 100vw, 1024px\" \/>\t\t\t\t\t\t\t\t<\/a>\n\t\t\t\t\t\t\t\t\t\t\t\t\t\t\t<\/div>\n\t\t\t\t<\/div>\n\t\t\t\t\t<\/div>\n\t\t<\/div>\n\t\t\t\t\t<\/div>\n\t\t<\/section>\n\t\t\t\t<section class=\"elementor-section elementor-top-section elementor-element elementor-element-fee3354 elementor-section-boxed elementor-section-height-default elementor-section-height-default\" data-id=\"fee3354\" data-element_type=\"section\" data-e-type=\"section\">\n\t\t\t\t\t\t<div class=\"elementor-container elementor-column-gap-default\">\n\t\t\t\t\t<div class=\"elementor-column elementor-col-100 elementor-top-column elementor-element elementor-element-b219b6d\" data-id=\"b219b6d\" data-element_type=\"column\" data-e-type=\"column\">\n\t\t\t<div class=\"elementor-widget-wrap elementor-element-populated\">\n\t\t\t\t\t\t<div class=\"elementor-element elementor-element-9940d18 elementor-widget elementor-widget-spacer\" data-id=\"9940d18\" data-element_type=\"widget\" data-e-type=\"widget\" data-widget_type=\"spacer.default\">\n\t\t\t\t<div class=\"elementor-widget-container\">\n\t\t\t\t\t\t\t<div class=\"elementor-spacer\">\n\t\t\t<div class=\"elementor-spacer-inner\"><\/div>\n\t\t<\/div>\n\t\t\t\t\t\t<\/div>\n\t\t\t\t<\/div>\n\t\t\t\t\t<\/div>\n\t\t<\/div>\n\t\t\t\t\t<\/div>\n\t\t<\/section>\n\t\t\t\t<section class=\"elementor-section elementor-top-section elementor-element elementor-element-314b2c1a elementor-section-content-middle elementor-section-boxed elementor-section-height-default elementor-section-height-default\" data-id=\"314b2c1a\" data-element_type=\"section\" data-e-type=\"section\">\n\t\t\t\t\t\t<div class=\"elementor-container elementor-column-gap-default\">\n\t\t\t\t\t<div class=\"elementor-column elementor-col-50 elementor-top-column elementor-element elementor-element-3b2d515f\" data-id=\"3b2d515f\" data-element_type=\"column\" data-e-type=\"column\">\n\t\t\t<div class=\"elementor-widget-wrap elementor-element-populated\">\n\t\t\t\t\t\t<div class=\"elementor-element elementor-element-464c8827 elementor-widget elementor-widget-heading\" data-id=\"464c8827\" data-element_type=\"widget\" data-e-type=\"widget\" data-widget_type=\"heading.default\">\n\t\t\t\t<div class=\"elementor-widget-container\">\n\t\t\t\t\t<h3 class=\"elementor-heading-title elementor-size-large\">Startort<\/h3>\t\t\t\t<\/div>\n\t\t\t\t<\/div>\n\t\t\t\t<div class=\"elementor-element elementor-element-fb08358 elementor-widget elementor-widget-text-editor\" data-id=\"fb08358\" data-element_type=\"widget\" data-e-type=\"widget\" data-widget_type=\"text-editor.default\">\n\t\t\t\t<div class=\"elementor-widget-container\">\n\t\t\t\t\t\t\t\t\t<p id=\"orange\" style=\"text-align: left;\">Auto Parkplatz<\/p><p style=\"text-align: left;\">Z\u00fcndstoff-City Western-Motel-Edersee<br \/><span class=\"section-info-text\"><span class=\"widget-pane-link\">Am Weiher 1<\/span><\/span><\/p><p class=\"GLOBAL__gm2-headline-5 section-hero-header-title-title\" style=\"text-align: left;\"><span class=\"section-info-text\"><span class=\"widget-pane-link\">34549 Edertal<\/span><\/span>\/Hemfurth<\/p>\t\t\t\t\t\t\t\t<\/div>\n\t\t\t\t<\/div>\n\t\t\t\t\t<\/div>\n\t\t<\/div>\n\t\t\t\t<div class=\"elementor-column elementor-col-50 elementor-top-column elementor-element elementor-element-2af8e25a\" data-id=\"2af8e25a\" data-element_type=\"column\" data-e-type=\"column\">\n\t\t\t<div class=\"elementor-widget-wrap elementor-element-populated\">\n\t\t\t\t\t\t<div class=\"elementor-element elementor-element-41bd3141 elementor-widget elementor-widget-google_maps\" data-id=\"41bd3141\" data-element_type=\"widget\" data-e-type=\"widget\" data-widget_type=\"google_maps.default\">\n\t\t\t\t<div class=\"elementor-widget-container\">\n\t\t\t\t\t\t\t<div class=\"elementor-custom-embed\">\n\t\t\t<iframe loading=\"lazy\"\n\t\t\t\t\tsrc=\"https:\/\/maps.google.com\/maps?q=Parkplatz%20Z%C3%BCndstoff-City&#038;t=m&#038;z=17&#038;output=embed&#038;iwloc=near\"\n\t\t\t\t\ttitle=\"Parkplatz Z\u00fcndstoff-City\"\n\t\t\t\t\taria-label=\"Parkplatz Z\u00fcndstoff-City\"\n\t\t\t><\/iframe>\n\t\t<\/div>\n\t\t\t\t\t\t<\/div>\n\t\t\t\t<\/div>\n\t\t\t\t\t<\/div>\n\t\t<\/div>\n\t\t\t\t\t<\/div>\n\t\t<\/section>\n\t\t\t\t<section class=\"elementor-section elementor-top-section elementor-element elementor-element-52a178e5 elementor-section-content-middle elementor-section-boxed elementor-section-height-default elementor-section-height-default\" data-id=\"52a178e5\" data-element_type=\"section\" data-e-type=\"section\">\n\t\t\t\t\t\t<div class=\"elementor-container elementor-column-gap-default\">\n\t\t\t\t\t<div class=\"elementor-column elementor-col-50 elementor-top-column elementor-element elementor-element-2e6a8d44\" data-id=\"2e6a8d44\" data-element_type=\"column\" data-e-type=\"column\">\n\t\t\t<div class=\"elementor-widget-wrap elementor-element-populated\">\n\t\t\t\t\t\t<div class=\"elementor-element elementor-element-74b4932c elementor-widget elementor-widget-heading\" data-id=\"74b4932c\" data-element_type=\"widget\" data-e-type=\"widget\" data-widget_type=\"heading.default\">\n\t\t\t\t<div class=\"elementor-widget-container\">\n\t\t\t\t\t<h3 class=\"elementor-heading-title elementor-size-large\">Bilder<\/h3>\t\t\t\t<\/div>\n\t\t\t\t<\/div>\n\t\t\t\t\t<\/div>\n\t\t<\/div>\n\t\t\t\t<div class=\"elementor-column elementor-col-50 elementor-top-column elementor-element elementor-element-2308fd3a\" data-id=\"2308fd3a\" data-element_type=\"column\" data-e-type=\"column\">\n\t\t\t<div class=\"elementor-widget-wrap\">\n\t\t\t\t\t\t\t<\/div>\n\t\t<\/div>\n\t\t\t\t\t<\/div>\n\t\t<\/section>\n\t\t\t\t<section class=\"elementor-section elementor-top-section elementor-element elementor-element-7248ebad elementor-section-boxed elementor-section-height-default elementor-section-height-default\" data-id=\"7248ebad\" data-element_type=\"section\" data-e-type=\"section\">\n\t\t\t\t\t\t<div class=\"elementor-container elementor-column-gap-default\">\n\t\t\t\t\t<div class=\"elementor-column elementor-col-100 elementor-top-column elementor-element elementor-element-5329d316\" data-id=\"5329d316\" data-element_type=\"column\" data-e-type=\"column\">\n\t\t\t<div class=\"elementor-widget-wrap elementor-element-populated\">\n\t\t\t\t\t\t<div class=\"elementor-element elementor-element-54b03a52 elementor-widget elementor-widget-video\" data-id=\"54b03a52\" data-element_type=\"widget\" data-e-type=\"widget\" data-settings=\"{&quot;youtube_url&quot;:&quot;https:\\\/\\\/youtu.be\\\/fI_CDgJNjEU&quot;,&quot;video_type&quot;:&quot;youtube&quot;,&quot;controls&quot;:&quot;yes&quot;}\" data-widget_type=\"video.default\">\n\t\t\t\t<div class=\"elementor-widget-container\">\n\t\t\t\t\t\t\t<div class=\"elementor-wrapper elementor-open-inline\">\n\t\t\t<div class=\"elementor-video\"><\/div>\t\t<\/div>\n\t\t\t\t\t\t<\/div>\n\t\t\t\t<\/div>\n\t\t\t\t\t<\/div>\n\t\t<\/div>\n\t\t\t\t\t<\/div>\n\t\t<\/section>\n\t\t\t\t<\/div>\n\t\t","protected":false},"excerpt":{"rendered":"<p>Herzlich Willkommen bei unseren gef\u00fchrten Geocaching-Tour in Z\u00fcndstoff-City am Edersee. Kennen Sie die Daltons, Buffalo Bill und Wyatt Earp? Auf unseren inszenierten [&hellip;]<\/p>\n","protected":false},"author":1,"featured_media":0,"parent":0,"menu_order":0,"comment_status":"closed","ping_status":"closed","template":"","meta":{"footnotes":""},"class_list":["post-1537","page","type-page","status-publish","hentry"],"_links":{"self":[{"href":"https:\/\/www.wocadlo.de\/geo\/wp-json\/wp\/v2\/pages\/1537","targetHints":{"allow":["GET"]}}],"collection":[{"href":"https:\/\/www.wocadlo.de\/geo\/wp-json\/wp\/v2\/pages"}],"about":[{"href":"https:\/\/www.wocadlo.de\/geo\/wp-json\/wp\/v2\/types\/page"}],"author":[{"embeddable":true,"href":"https:\/\/www.wocadlo.de\/geo\/wp-json\/wp\/v2\/users\/1"}],"replies":[{"embeddable":true,"href":"https:\/\/www.wocadlo.de\/geo\/wp-json\/wp\/v2\/comments?post=1537"}],"version-history":[{"count":42,"href":"https:\/\/www.wocadlo.de\/geo\/wp-json\/wp\/v2\/pages\/1537\/revisions"}],"predecessor-version":[{"id":2068,"href":"https:\/\/www.wocadlo.de\/geo\/wp-json\/wp\/v2\/pages\/1537\/revisions\/2068"}],"wp:attachment":[{"href":"https:\/\/www.wocadlo.de\/geo\/wp-json\/wp\/v2\/media?parent=1537"}],"curies":[{"name":"wp","href":"https:\/\/api.w.org\/{rel}","templated":true}]}}