{"id":1818,"date":"2019-11-12T16:00:44","date_gmt":"2019-11-12T15:00:44","guid":{"rendered":"http:\/\/www.wocadlo.de\/geo\/?page_id=1818"},"modified":"2025-05-09T14:00:33","modified_gmt":"2025-05-09T12:00:33","slug":"preise","status":"publish","type":"page","link":"https:\/\/www.wocadlo.de\/geo\/preise\/","title":{"rendered":"Preise"},"content":{"rendered":"\t\t<div data-elementor-type=\"wp-page\" data-elementor-id=\"1818\" class=\"elementor elementor-1818\">\n\t\t\t\t\t\t<section class=\"elementor-section elementor-top-section elementor-element elementor-element-030326b elementor-section-boxed elementor-section-height-default elementor-section-height-default\" data-id=\"030326b\" data-element_type=\"section\" data-e-type=\"section\">\n\t\t\t\t\t\t<div class=\"elementor-container elementor-column-gap-default\">\n\t\t\t\t\t<div class=\"elementor-column elementor-col-100 elementor-top-column elementor-element elementor-element-8655412\" data-id=\"8655412\" data-element_type=\"column\" data-e-type=\"column\">\n\t\t\t<div class=\"elementor-widget-wrap elementor-element-populated\">\n\t\t\t\t\t\t<div class=\"elementor-element elementor-element-187e82f elementor-widget elementor-widget-shortcode\" data-id=\"187e82f\" data-element_type=\"widget\" data-e-type=\"widget\" data-widget_type=\"shortcode.default\">\n\t\t\t\t<div class=\"elementor-widget-container\">\n\t\t\t\t\t\t\t<div class=\"elementor-shortcode\"><style> \/* simple flat #219 *\/#ptp-219{border-color:#ddd;padding:0;margin-left:0;margin-right:0}#ptp-219 div.ptp-item-container{border-radius:0}#ptp-219 div.ptp-item-container div{margin:0}#ptp-219 .ptp-highlight div.ptp-item-container{border-color:#ddd}#ptp-219 div.ptp-plan{border-top-right-radius:0;border-top-left-radius:0;font-size:1em;border-color:#ddd;background-color:#ddd;color:#333;padding:.9375em 1.25em}#ptp-219 div.ptp-plan .has-tip{border-bottom:dotted 1px #333;color:#333}#ptp-219 .ptp-highlight div.ptp-plan{border-color:#ddd;background-color:#ddd;color:#333}#ptp-219 .ptp-highlight div.ptp-plan .has-tip{border-bottom:dotted 1px #333;color:#333}#ptp-219 div.ptp-price{font-size:1.25em;background-color:#eee;color:#333;padding:.9375em 1.25em}#ptp-219 div.ptp-price .has-tip{border-bottom:dotted 1px #333;color:#333}#ptp-219 .ptp-highlight div.ptp-price{background-color:#eee;color:#333}#ptp-219 .ptp-highlight div.ptp-price .has-tip{border-bottom:dotted 1px #333;color:#333}#ptp-219 div.ptp-cta{border-bottom-right-radius:0;border-bottom-left-radius:0;background-color:#eee;padding-top:1.25em;padding-bottom:1.25em}#ptp-219 .ptp-highlight div.ptp-cta{background-color:#eee}#ptp-219 a.ptp-button{border-radius:0;font-size:1em;color:#fff;background-color:#ffcf6b;border-bottom:#ffc23f 4px solid;margin:0}#ptp-219 a.ptp-button .has-tip,#ptp-219 a.ptp-button:hover .has-tip{border-bottom:dotted 1px #fff;color:#fff}#ptp-219 a.ptp-button:hover{background-color:#27ae60}#ptp-219 div.ptp-bullet-item{color:#333;background-color:#fff;font-size:.875em;border-color:#ddd;padding:.9375em .5em .9375em .5em}#ptp-219 .ptp-highlight .ptp-bullet-item{color:#333;border-color:#ddd;background-color:#fff}#ptp-219 .ptp-highlight a.ptp-button{color:#fff;background-color:#e74c3c;border-bottom:#c0392b 4px solid}#ptp-219 .ptp-highlight a.ptp-button:hover{background-color:#c0392b}#ptp-219 .ptp-highlight a.ptp-button .has-tip{border-bottom:dotted 1px #fff;color:#fff}#ptp-219 div.ptp-most-popular{border-radius:0;font-size:.9em;background-color:#7f8c8d;color:#fff;border:1px solid #7f8c8d}\/* end of simple flat #219 *\/<\/style>        <script type=\"text\/javascript\">\n         jQuery(document).ready(function($) {\n            jQuery.call_match_height_219 = function call_match_height_design1(ptp_id) {\n                                $( ptp_id+' .ptp-plan' ).matchHeight(false); \n                                $( ptp_id+' .ptp-cta' ).matchHeight(false); \n                                $( ptp_id+' .ptp-price' ).matchHeight(false);\n                                $( ptp_id+' .ptp-button' ).matchHeight(false);\n\n                                $( ptp_id+' .ptp-bullet-item' ).each(function( index ){\n                                    $( ptp_id+' .ptp-row-id-'+index ).matchHeight(false);\n             \n                                });  \n                         }\n            var ptp_id = '#ptp-'+219 ;\n            $.call_match_height_219 ( ptp_id );              \n         });\n      <\/script>\n      \n        <div id=\"ptp-219\" class=\"ptp-pricing-table\" ><div class=\"ptp-col ptp-four-col  ptp-col-id-0 dh-ptp-col-id-0\"><div class=\"ptp-not-most-popular\">&nbsp;<\/div><div class=\"ptp-item-container\"><div class=\"ptp-plan\">Familie<\/div><div class=\"ptp-price\">198 \u20ac<\/div><div class=\"ptp-bullet-item ptp-row-id-0\">Preis bis 6 Pers.\r<\/div><div class=\"ptp-bullet-item ptp-row-id-1\">ein Tourf\u00fchrer f\u00fcr eine Gruppe<\/div><div class=\"ptp-cta\"><a class=\"ptp-button ptp-checkout-button\" id=\"ptp-219-cta-0\"  href=\"http:\/\/www.wocadlo.de\/geo\/kontakt\/\" >zum Kontakt<\/a><\/div><\/div><\/div><div class=\"ptp-col ptp-four-col  ptp-col-id-1 dh-ptp-col-id-1\"><div class=\"ptp-not-most-popular\">&nbsp;<\/div><div class=\"ptp-item-container\"><div class=\"ptp-plan\">Kinder-Geburtstag<\/div><div class=\"ptp-price\">198 \u20ac<\/div><div class=\"ptp-bullet-item ptp-row-id-0\">Preis bis 8 Pers.\r<\/div><div class=\"ptp-bullet-item ptp-row-id-1\">ein Tourf\u00fchrer f\u00fcr eine Gruppe<\/div><div class=\"ptp-cta\"><a class=\"ptp-button ptp-checkout-button\" id=\"ptp-219-cta-1\"  href=\"http:\/\/www.wocadlo.de\/geo\/kontakt\/\" >zum Kontakt<\/a><\/div><\/div><\/div><div class=\"ptp-col ptp-four-col  ptp-col-id-2 dh-ptp-col-id-2\"><div class=\"ptp-not-most-popular\">&nbsp;<\/div><div class=\"ptp-item-container\"><div class=\"ptp-plan\">Schulklassen<\/div><div class=\"ptp-price\">298 \u20ac<\/div><div class=\"ptp-bullet-item ptp-row-id-0\">Preis bis 13 Pers.\r<\/div><div class=\"ptp-bullet-item ptp-row-id-1\">ein Tourf\u00fchrer f\u00fcr eine Gruppe<\/div><div class=\"ptp-cta\"><a class=\"ptp-button ptp-checkout-button\" id=\"ptp-219-cta-2\"  href=\"http:\/\/www.wocadlo.de\/geo\/kontakt\/\" >zum Kontakt<\/a><\/div><\/div><\/div><div class=\"ptp-col ptp-four-col  ptp-col-id-3 dh-ptp-col-id-3\"><div class=\"ptp-not-most-popular\">&nbsp;<\/div><div class=\"ptp-item-container\"><div class=\"ptp-plan\">Schulklassen<\/div><div class=\"ptp-price\">498 \u20ac<\/div><div class=\"ptp-bullet-item ptp-row-id-0\">Preis bis 30 Pers.\r<\/div><div class=\"ptp-bullet-item ptp-row-id-1\">zwei Tourf\u00fchrer f\u00fcr zwei Gruppen<\/div><div class=\"ptp-cta\"><a class=\"ptp-button ptp-checkout-button\" id=\"ptp-219-cta-3\"  href=\"http:\/\/www.wocadlo.de\/geo\/kontakt\/\" >zum Kontakt<\/a><\/div><\/div><\/div><\/div><\/div>\n\t\t\t\t\t\t<\/div>\n\t\t\t\t<\/div>\n\t\t\t\t\t<\/div>\n\t\t<\/div>\n\t\t\t\t\t<\/div>\n\t\t<\/section>\n\t\t\t\t<section class=\"elementor-section elementor-top-section elementor-element elementor-element-1be9c01 elementor-section-boxed elementor-section-height-default elementor-section-height-default\" data-id=\"1be9c01\" data-element_type=\"section\" data-e-type=\"section\">\n\t\t\t\t\t\t<div class=\"elementor-container elementor-column-gap-default\">\n\t\t\t\t\t<div class=\"elementor-column elementor-col-100 elementor-top-column elementor-element elementor-element-56ab819\" data-id=\"56ab819\" data-element_type=\"column\" data-e-type=\"column\">\n\t\t\t<div class=\"elementor-widget-wrap elementor-element-populated\">\n\t\t\t\t\t\t<div class=\"elementor-element elementor-element-692efbc elementor-widget elementor-widget-shortcode\" data-id=\"692efbc\" data-element_type=\"widget\" data-e-type=\"widget\" data-widget_type=\"shortcode.default\">\n\t\t\t\t<div class=\"elementor-widget-container\">\n\t\t\t\t\t\t\t<div class=\"elementor-shortcode\"><style> \/* simple flat #223 *\/#ptp-223{border-color:#ddd;padding:0;margin-left:0;margin-right:0}#ptp-223 div.ptp-item-container{border-radius:0}#ptp-223 div.ptp-item-container div{margin:0}#ptp-223 .ptp-highlight div.ptp-item-container{border-color:#ddd}#ptp-223 div.ptp-plan{border-top-right-radius:0;border-top-left-radius:0;font-size:1em;border-color:#ddd;background-color:#ddd;color:#333;padding:.9375em 1.25em}#ptp-223 div.ptp-plan .has-tip{border-bottom:dotted 1px #333;color:#333}#ptp-223 .ptp-highlight div.ptp-plan{border-color:#ddd;background-color:#ddd;color:#333}#ptp-223 .ptp-highlight div.ptp-plan .has-tip{border-bottom:dotted 1px #333;color:#333}#ptp-223 div.ptp-price{font-size:1.25em;background-color:#eee;color:#333;padding:.9375em 1.25em}#ptp-223 div.ptp-price .has-tip{border-bottom:dotted 1px #333;color:#333}#ptp-223 .ptp-highlight div.ptp-price{background-color:#eee;color:#333}#ptp-223 .ptp-highlight div.ptp-price .has-tip{border-bottom:dotted 1px #333;color:#333}#ptp-223 div.ptp-cta{border-bottom-right-radius:0;border-bottom-left-radius:0;background-color:#eee;padding-top:1.25em;padding-bottom:1.25em}#ptp-223 .ptp-highlight div.ptp-cta{background-color:#eee}#ptp-223 a.ptp-button{border-radius:0;font-size:1em;color:#fff;background-color:#ffcf6b;border-bottom:#ffc549 4px solid;margin:0}#ptp-223 a.ptp-button .has-tip,#ptp-223 a.ptp-button:hover .has-tip{border-bottom:dotted 1px #fff;color:#fff}#ptp-223 a.ptp-button:hover{background-color:#27ae60}#ptp-223 div.ptp-bullet-item{color:#333;background-color:#fff;font-size:.875em;border-color:#ddd;padding:.9375em .5em .9375em .5em}#ptp-223 .ptp-highlight .ptp-bullet-item{color:#333;border-color:#ddd;background-color:#fff}#ptp-223 .ptp-highlight a.ptp-button{color:#fff;background-color:#e74c3c;border-bottom:#c0392b 4px solid}#ptp-223 .ptp-highlight a.ptp-button:hover{background-color:#c0392b}#ptp-223 .ptp-highlight a.ptp-button .has-tip{border-bottom:dotted 1px #fff;color:#fff}#ptp-223 div.ptp-most-popular{border-radius:0;font-size:.9em;background-color:#7f8c8d;color:#fff;border:1px solid #7f8c8d}\/* end of simple flat #223 *\/<\/style>        <script type=\"text\/javascript\">\n         jQuery(document).ready(function($) {\n            jQuery.call_match_height_223 = function call_match_height_design1(ptp_id) {\n                                $( ptp_id+' .ptp-plan' ).matchHeight(false); \n                                $( ptp_id+' .ptp-cta' ).matchHeight(false); \n                                $( ptp_id+' .ptp-price' ).matchHeight(false);\n                                $( ptp_id+' .ptp-button' ).matchHeight(false);\n\n                                $( ptp_id+' .ptp-bullet-item' ).each(function( index ){\n                                    $( ptp_id+' .ptp-row-id-'+index ).matchHeight(false);\n             \n                                });  \n                         }\n            var ptp_id = '#ptp-'+223 ;\n            $.call_match_height_223 ( ptp_id );              \n         });\n      <\/script>\n      \n        <div id=\"ptp-223\" class=\"ptp-pricing-table\" ><div class=\"ptp-col ptp-four-col  ptp-col-id-0 dh-ptp-col-id-0\"><div class=\"ptp-not-most-popular\">&nbsp;<\/div><div class=\"ptp-item-container\"><div class=\"ptp-plan\">Team-Building 1<\/div><div class=\"ptp-price\">ab 298 \u20ac<\/div><div class=\"ptp-bullet-item ptp-row-id-0\">Preis bis 10 Pers.\r<\/div><div class=\"ptp-bullet-item ptp-row-id-1\">ein Tourf\u00fchrer f\u00fcr eine Gruppe<\/div><div class=\"ptp-cta\"><a class=\"ptp-button ptp-checkout-button\" id=\"ptp-223-cta-0\"  href=\"http:\/\/www.wocadlo.de\/geo\/kontakt\/\" >zum Kontakt<\/a><\/div><\/div><\/div><div class=\"ptp-col ptp-four-col  ptp-col-id-1 dh-ptp-col-id-1\"><div class=\"ptp-not-most-popular\">&nbsp;<\/div><div class=\"ptp-item-container\"><div class=\"ptp-plan\">Team-Building 2<\/div><div class=\"ptp-price\">ab 498 \u20ac<\/div><div class=\"ptp-bullet-item ptp-row-id-0\">Preis bis 20 Pers.\r<\/div><div class=\"ptp-bullet-item ptp-row-id-1\">zwei Tourf\u00fchrer f\u00fcr zwei Gruppen<\/div><div class=\"ptp-cta\"><a class=\"ptp-button ptp-checkout-button\" id=\"ptp-223-cta-1\"  href=\"http:\/\/www.wocadlo.de\/geo\/kontakt\/\" >zum Kontakt<\/a><\/div><\/div><\/div><div class=\"ptp-col ptp-four-col  ptp-col-id-2 dh-ptp-col-id-2\"><div class=\"ptp-not-most-popular\">&nbsp;<\/div><div class=\"ptp-item-container\"><div class=\"ptp-plan\">Team-Building 3<\/div><div class=\"ptp-price\">ab 698 \u20ac<\/div><div class=\"ptp-bullet-item ptp-row-id-0\">Preis bis 30 Pers.\r<\/div><div class=\"ptp-bullet-item ptp-row-id-1\">drei Tourf\u00fchrer f\u00fcr drei Gruppen<\/div><div class=\"ptp-cta\"><a class=\"ptp-button ptp-checkout-button\" id=\"ptp-223-cta-2\"  href=\"http:\/\/www.wocadlo.de\/geo\/kontakt\/\" >zum Kontakt<\/a><\/div><\/div><\/div><div class=\"ptp-col ptp-four-col  ptp-col-id-3 dh-ptp-col-id-3\"><div class=\"ptp-not-most-popular\">&nbsp;<\/div><div class=\"ptp-item-container\"><div class=\"ptp-plan\">Team-Building 4<\/div><div class=\"ptp-price\">ab 998 \u20ac<\/div><div class=\"ptp-bullet-item ptp-row-id-0\">Preis bis 60 Pers.\r<\/div><div class=\"ptp-bullet-item ptp-row-id-1\">vier Tourf\u00fchrer f\u00fcr vier Gruppen<\/div><div class=\"ptp-cta\"><a class=\"ptp-button ptp-checkout-button\" id=\"ptp-223-cta-3\"  href=\"http:\/\/www.wocadlo.de\/geo\/kontakt\/\" >zum Kontakt<\/a><\/div><\/div><\/div><\/div><\/div>\n\t\t\t\t\t\t<\/div>\n\t\t\t\t<\/div>\n\t\t\t\t\t<\/div>\n\t\t<\/div>\n\t\t\t\t\t<\/div>\n\t\t<\/section>\n\t\t\t\t<section class=\"elementor-section elementor-top-section elementor-element elementor-element-91eb50b elementor-section-boxed elementor-section-height-default elementor-section-height-default\" data-id=\"91eb50b\" data-element_type=\"section\" data-e-type=\"section\">\n\t\t\t\t\t\t<div class=\"elementor-container elementor-column-gap-default\">\n\t\t\t\t\t<div class=\"elementor-column elementor-col-100 elementor-top-column elementor-element elementor-element-8784b60\" data-id=\"8784b60\" data-element_type=\"column\" data-e-type=\"column\">\n\t\t\t<div class=\"elementor-widget-wrap elementor-element-populated\">\n\t\t\t\t\t\t<div class=\"elementor-element elementor-element-8d765c7 elementor-widget elementor-widget-text-editor\" data-id=\"8d765c7\" data-element_type=\"widget\" data-e-type=\"widget\" data-widget_type=\"text-editor.default\">\n\t\t\t\t<div class=\"elementor-widget-container\">\n\t\t\t\t\t\t\t\t\t<p style=\"text-align: center;\">Im Geocaching-Schatz befinden sich unter anderem Getr\u00e4nke f\u00fcr alle \nTeilnehmer, <br>wobei die Auswahl der Getr\u00e4nke nach Absprache erfolgt.<\/p>\n<p style=\"text-align: center;\">Alle Preise netto zzgl. 19 % MwSt<\/p>\t\t\t\t\t\t\t\t<\/div>\n\t\t\t\t<\/div>\n\t\t\t\t\t<\/div>\n\t\t<\/div>\n\t\t\t\t\t<\/div>\n\t\t<\/section>\n\t\t\t\t<\/div>\n\t\t","protected":false},"excerpt":{"rendered":"<p>Im Geocaching-Schatz befinden sich unter anderem Getr\u00e4nke f\u00fcr alle Teilnehmer, wobei die Auswahl der Getr\u00e4nke nach Absprache erfolgt. Alle Preise netto zzgl. [&hellip;]<\/p>\n","protected":false},"author":1,"featured_media":0,"parent":0,"menu_order":0,"comment_status":"closed","ping_status":"closed","template":"","meta":{"footnotes":""},"class_list":["post-1818","page","type-page","status-publish","hentry"],"_links":{"self":[{"href":"https:\/\/www.wocadlo.de\/geo\/wp-json\/wp\/v2\/pages\/1818","targetHints":{"allow":["GET"]}}],"collection":[{"href":"https:\/\/www.wocadlo.de\/geo\/wp-json\/wp\/v2\/pages"}],"about":[{"href":"https:\/\/www.wocadlo.de\/geo\/wp-json\/wp\/v2\/types\/page"}],"author":[{"embeddable":true,"href":"https:\/\/www.wocadlo.de\/geo\/wp-json\/wp\/v2\/users\/1"}],"replies":[{"embeddable":true,"href":"https:\/\/www.wocadlo.de\/geo\/wp-json\/wp\/v2\/comments?post=1818"}],"version-history":[{"count":16,"href":"https:\/\/www.wocadlo.de\/geo\/wp-json\/wp\/v2\/pages\/1818\/revisions"}],"predecessor-version":[{"id":2689,"href":"https:\/\/www.wocadlo.de\/geo\/wp-json\/wp\/v2\/pages\/1818\/revisions\/2689"}],"wp:attachment":[{"href":"https:\/\/www.wocadlo.de\/geo\/wp-json\/wp\/v2\/media?parent=1818"}],"curies":[{"name":"wp","href":"https:\/\/api.w.org\/{rel}","templated":true}]}}