{"id":2297,"date":"2021-05-16T17:44:17","date_gmt":"2021-05-16T15:44:17","guid":{"rendered":"https:\/\/www.wocadlo.de\/geo\/?page_id=2297"},"modified":"2024-11-06T21:21:15","modified_gmt":"2024-11-06T20:21:15","slug":"geocaching-route-winterberg","status":"publish","type":"page","link":"https:\/\/www.wocadlo.de\/geo\/geocaching-route-winterberg\/","title":{"rendered":"Geocaching Route Winterberg"},"content":{"rendered":"\t\t<div data-elementor-type=\"wp-page\" data-elementor-id=\"2297\" class=\"elementor elementor-2297\">\n\t\t\t\t\t\t<section class=\"elementor-section elementor-top-section elementor-element elementor-element-7427d088 elementor-section-content-middle elementor-section-boxed elementor-section-height-default elementor-section-height-default\" data-id=\"7427d088\" data-element_type=\"section\" data-e-type=\"section\">\n\t\t\t\t\t\t<div class=\"elementor-container elementor-column-gap-default\">\n\t\t\t\t\t<div class=\"elementor-column elementor-col-50 elementor-top-column elementor-element elementor-element-55b97d34\" data-id=\"55b97d34\" data-element_type=\"column\" data-e-type=\"column\">\n\t\t\t<div class=\"elementor-widget-wrap elementor-element-populated\">\n\t\t\t\t\t\t<div class=\"elementor-element elementor-element-186728a elementor-widget elementor-widget-heading\" data-id=\"186728a\" data-element_type=\"widget\" data-e-type=\"widget\" data-widget_type=\"heading.default\">\n\t\t\t\t<div class=\"elementor-widget-container\">\n\t\t\t\t\t<h3 class=\"elementor-heading-title elementor-size-large\">Beschreibung<\/h3>\t\t\t\t<\/div>\n\t\t\t\t<\/div>\n\t\t\t\t<div class=\"elementor-element elementor-element-42c42f1b elementor-widget elementor-widget-text-editor\" data-id=\"42c42f1b\" data-element_type=\"widget\" data-e-type=\"widget\" data-widget_type=\"text-editor.default\">\n\t\t\t\t<div class=\"elementor-widget-container\">\n\t\t\t\t\t\t\t\t\t<p style=\"text-align: left;\">Eine gef\u00fchrte Geocachingtour durch den <a href=\"https:\/\/www.winterberg.de\/tour\/sauerland-extrem-winterberger-schluchten-und-brueckenpfad\/\" target=\"_blank\" rel=\"noopener\">Schluchten- und Br\u00fcckenpfad Winterberg<\/a>.<br \/>Die Route hat eine urspr\u00fcngliche nat\u00fcrliche Vegetation mit steil aufsteigenden Felsw\u00e4nden. Wasserf\u00e4lle und Bachl\u00e4ufe werden zum Naturschauspiel von bizarrer Sch\u00f6nheit im Naturschutzgebiet Schluchtwald Helle.<\/p>\t\t\t\t\t\t\t\t<\/div>\n\t\t\t\t<\/div>\n\t\t\t\t\t<\/div>\n\t\t<\/div>\n\t\t\t\t<div class=\"elementor-column elementor-col-50 elementor-top-column elementor-element elementor-element-326bb672\" data-id=\"326bb672\" data-element_type=\"column\" data-e-type=\"column\">\n\t\t\t<div class=\"elementor-widget-wrap elementor-element-populated\">\n\t\t\t\t\t\t<div class=\"elementor-element elementor-element-fb91498 elementor-widget elementor-widget-image\" data-id=\"fb91498\" data-element_type=\"widget\" data-e-type=\"widget\" data-widget_type=\"image.default\">\n\t\t\t\t<div class=\"elementor-widget-container\">\n\t\t\t\t\t\t\t\t\t\t\t\t\t\t\t<img fetchpriority=\"high\" decoding=\"async\" width=\"1363\" height=\"1810\" src=\"https:\/\/www.wocadlo.de\/geo\/wp-content\/uploads\/2021\/05\/schlucht.jpg\" class=\"attachment-full size-full wp-image-2302\" alt=\"\" srcset=\"https:\/\/www.wocadlo.de\/geo\/wp-content\/uploads\/2021\/05\/schlucht.jpg 1363w, https:\/\/www.wocadlo.de\/geo\/wp-content\/uploads\/2021\/05\/schlucht-226x300.jpg 226w, https:\/\/www.wocadlo.de\/geo\/wp-content\/uploads\/2021\/05\/schlucht-771x1024.jpg 771w, https:\/\/www.wocadlo.de\/geo\/wp-content\/uploads\/2021\/05\/schlucht-768x1020.jpg 768w, https:\/\/www.wocadlo.de\/geo\/wp-content\/uploads\/2021\/05\/schlucht-1157x1536.jpg 1157w, https:\/\/www.wocadlo.de\/geo\/wp-content\/uploads\/2021\/05\/schlucht-830x1102.jpg 830w, https:\/\/www.wocadlo.de\/geo\/wp-content\/uploads\/2021\/05\/schlucht-230x305.jpg 230w, https:\/\/www.wocadlo.de\/geo\/wp-content\/uploads\/2021\/05\/schlucht-350x465.jpg 350w, https:\/\/www.wocadlo.de\/geo\/wp-content\/uploads\/2021\/05\/schlucht-480x637.jpg 480w\" sizes=\"(max-width: 1363px) 100vw, 1363px\" \/>\t\t\t\t\t\t\t\t\t\t\t\t\t\t\t<\/div>\n\t\t\t\t<\/div>\n\t\t\t\t\t<\/div>\n\t\t<\/div>\n\t\t\t\t\t<\/div>\n\t\t<\/section>\n\t\t\t\t<section class=\"elementor-section elementor-top-section elementor-element elementor-element-cf99c13 elementor-section-boxed elementor-section-height-default elementor-section-height-default\" data-id=\"cf99c13\" data-element_type=\"section\" data-e-type=\"section\">\n\t\t\t\t\t\t<div class=\"elementor-container elementor-column-gap-default\">\n\t\t\t\t\t<div class=\"elementor-column elementor-col-100 elementor-top-column elementor-element elementor-element-42a5a98\" data-id=\"42a5a98\" data-element_type=\"column\" data-e-type=\"column\">\n\t\t\t<div class=\"elementor-widget-wrap elementor-element-populated\">\n\t\t\t\t\t\t<div class=\"elementor-element elementor-element-d1bf4c9 elementor-widget elementor-widget-spacer\" data-id=\"d1bf4c9\" data-element_type=\"widget\" data-e-type=\"widget\" data-widget_type=\"spacer.default\">\n\t\t\t\t<div class=\"elementor-widget-container\">\n\t\t\t\t\t\t\t<div class=\"elementor-spacer\">\n\t\t\t<div class=\"elementor-spacer-inner\"><\/div>\n\t\t<\/div>\n\t\t\t\t\t\t<\/div>\n\t\t\t\t<\/div>\n\t\t\t\t\t<\/div>\n\t\t<\/div>\n\t\t\t\t\t<\/div>\n\t\t<\/section>\n\t\t\t\t<section class=\"elementor-section elementor-top-section elementor-element elementor-element-5922e2a9 elementor-section-content-middle elementor-section-boxed elementor-section-height-default elementor-section-height-default\" data-id=\"5922e2a9\" data-element_type=\"section\" data-e-type=\"section\">\n\t\t\t\t\t\t<div class=\"elementor-container elementor-column-gap-default\">\n\t\t\t\t\t<div class=\"elementor-column elementor-col-50 elementor-top-column elementor-element elementor-element-59d7e82a\" data-id=\"59d7e82a\" data-element_type=\"column\" data-e-type=\"column\">\n\t\t\t<div class=\"elementor-widget-wrap elementor-element-populated\">\n\t\t\t\t\t\t<div class=\"elementor-element elementor-element-4525c639 elementor-widget elementor-widget-heading\" data-id=\"4525c639\" data-element_type=\"widget\" data-e-type=\"widget\" data-widget_type=\"heading.default\">\n\t\t\t\t<div class=\"elementor-widget-container\">\n\t\t\t\t\t<h3 class=\"elementor-heading-title elementor-size-large\">Startort<\/h3>\t\t\t\t<\/div>\n\t\t\t\t<\/div>\n\t\t\t\t<div class=\"elementor-element elementor-element-1c6e669c elementor-widget elementor-widget-text-editor\" data-id=\"1c6e669c\" data-element_type=\"widget\" data-e-type=\"widget\" data-widget_type=\"text-editor.default\">\n\t\t\t\t<div class=\"elementor-widget-container\">\n\t\t\t\t\t\t\t\t\t<p>Tourist-Information Winterberg<br \/>Am Kurpark 4<br \/><br \/>59955 Winterberg<\/p>\t\t\t\t\t\t\t\t<\/div>\n\t\t\t\t<\/div>\n\t\t\t\t\t<\/div>\n\t\t<\/div>\n\t\t\t\t<div class=\"elementor-column elementor-col-50 elementor-top-column elementor-element elementor-element-373c579e\" data-id=\"373c579e\" data-element_type=\"column\" data-e-type=\"column\">\n\t\t\t<div class=\"elementor-widget-wrap elementor-element-populated\">\n\t\t\t\t\t\t<div class=\"elementor-element elementor-element-6fe7a452 elementor-widget elementor-widget-google_maps\" data-id=\"6fe7a452\" data-element_type=\"widget\" data-e-type=\"widget\" data-widget_type=\"google_maps.default\">\n\t\t\t\t<div class=\"elementor-widget-container\">\n\t\t\t\t\t\t\t<div class=\"elementor-custom-embed\">\n\t\t\t<iframe loading=\"lazy\"\n\t\t\t\t\tsrc=\"https:\/\/maps.google.com\/maps?q=Am%20Kurpark%204%2C%2059955%20Winterberg&#038;t=m&#038;z=17&#038;output=embed&#038;iwloc=near\"\n\t\t\t\t\ttitle=\"Am Kurpark 4, 59955 Winterberg\"\n\t\t\t\t\taria-label=\"Am Kurpark 4, 59955 Winterberg\"\n\t\t\t><\/iframe>\n\t\t<\/div>\n\t\t\t\t\t\t<\/div>\n\t\t\t\t<\/div>\n\t\t\t\t\t<\/div>\n\t\t<\/div>\n\t\t\t\t\t<\/div>\n\t\t<\/section>\n\t\t\t\t<section class=\"elementor-section elementor-top-section elementor-element elementor-element-af03db0 elementor-section-boxed elementor-section-height-default elementor-section-height-default\" data-id=\"af03db0\" data-element_type=\"section\" data-e-type=\"section\">\n\t\t\t\t\t\t<div class=\"elementor-container elementor-column-gap-default\">\n\t\t\t\t\t<div class=\"elementor-column elementor-col-100 elementor-top-column elementor-element elementor-element-174026a\" data-id=\"174026a\" data-element_type=\"column\" data-e-type=\"column\">\n\t\t\t<div class=\"elementor-widget-wrap elementor-element-populated\">\n\t\t\t\t\t\t<div class=\"elementor-element elementor-element-e708e56 elementor-widget elementor-widget-spacer\" data-id=\"e708e56\" data-element_type=\"widget\" data-e-type=\"widget\" data-widget_type=\"spacer.default\">\n\t\t\t\t<div class=\"elementor-widget-container\">\n\t\t\t\t\t\t\t<div class=\"elementor-spacer\">\n\t\t\t<div class=\"elementor-spacer-inner\"><\/div>\n\t\t<\/div>\n\t\t\t\t\t\t<\/div>\n\t\t\t\t<\/div>\n\t\t\t\t\t<\/div>\n\t\t<\/div>\n\t\t\t\t\t<\/div>\n\t\t<\/section>\n\t\t\t\t<section class=\"elementor-section elementor-top-section elementor-element elementor-element-b8f0d0c elementor-section-content-middle elementor-section-boxed elementor-section-height-default elementor-section-height-default\" data-id=\"b8f0d0c\" data-element_type=\"section\" data-e-type=\"section\">\n\t\t\t\t\t\t<div class=\"elementor-container elementor-column-gap-default\">\n\t\t\t\t\t<div class=\"elementor-column elementor-col-50 elementor-top-column elementor-element elementor-element-4150141b\" data-id=\"4150141b\" data-element_type=\"column\" data-e-type=\"column\">\n\t\t\t<div class=\"elementor-widget-wrap elementor-element-populated\">\n\t\t\t\t\t\t<div class=\"elementor-element elementor-element-37b3954c elementor-widget elementor-widget-heading\" data-id=\"37b3954c\" data-element_type=\"widget\" data-e-type=\"widget\" data-widget_type=\"heading.default\">\n\t\t\t\t<div class=\"elementor-widget-container\">\n\t\t\t\t\t<h3 class=\"elementor-heading-title elementor-size-large\">Gruppen<\/h3>\t\t\t\t<\/div>\n\t\t\t\t<\/div>\n\t\t\t\t<div class=\"elementor-element elementor-element-6bd220b elementor-widget elementor-widget-text-editor\" data-id=\"6bd220b\" data-element_type=\"widget\" data-e-type=\"widget\" data-widget_type=\"text-editor.default\">\n\t\t\t\t<div class=\"elementor-widget-container\">\n\t\t\t\t\t\t\t\t\t<p><span style=\"color: #000000;\">1 bis 3 Gruppen m\u00f6glich<\/span><\/p><p>\u00a0<\/p>\t\t\t\t\t\t\t\t<\/div>\n\t\t\t\t<\/div>\n\t\t\t\t\t<\/div>\n\t\t<\/div>\n\t\t\t\t<div class=\"elementor-column elementor-col-50 elementor-top-column elementor-element elementor-element-49a50777\" data-id=\"49a50777\" data-element_type=\"column\" data-e-type=\"column\">\n\t\t\t<div class=\"elementor-widget-wrap elementor-element-populated\">\n\t\t\t\t\t\t<div class=\"elementor-element elementor-element-7ce73f1b elementor-widget elementor-widget-image\" data-id=\"7ce73f1b\" data-element_type=\"widget\" data-e-type=\"widget\" data-widget_type=\"image.default\">\n\t\t\t\t<div class=\"elementor-widget-container\">\n\t\t\t\t\t\t\t\t\t\t\t\t\t\t\t<img decoding=\"async\" width=\"1024\" height=\"682\" src=\"https:\/\/www.wocadlo.de\/geo\/wp-content\/uploads\/2019\/08\/1002-geocaching-1700-bild-nr-01-1024x682.jpg\" class=\"attachment-large size-large wp-image-1271\" alt=\"\" srcset=\"https:\/\/www.wocadlo.de\/geo\/wp-content\/uploads\/2019\/08\/1002-geocaching-1700-bild-nr-01-1024x682.jpg 1024w, https:\/\/www.wocadlo.de\/geo\/wp-content\/uploads\/2019\/08\/1002-geocaching-1700-bild-nr-01-300x200.jpg 300w, https:\/\/www.wocadlo.de\/geo\/wp-content\/uploads\/2019\/08\/1002-geocaching-1700-bild-nr-01-768x512.jpg 768w, https:\/\/www.wocadlo.de\/geo\/wp-content\/uploads\/2019\/08\/1002-geocaching-1700-bild-nr-01-830x553.jpg 830w, https:\/\/www.wocadlo.de\/geo\/wp-content\/uploads\/2019\/08\/1002-geocaching-1700-bild-nr-01-230x153.jpg 230w, https:\/\/www.wocadlo.de\/geo\/wp-content\/uploads\/2019\/08\/1002-geocaching-1700-bild-nr-01-350x233.jpg 350w, https:\/\/www.wocadlo.de\/geo\/wp-content\/uploads\/2019\/08\/1002-geocaching-1700-bild-nr-01-480x320.jpg 480w, https:\/\/www.wocadlo.de\/geo\/wp-content\/uploads\/2019\/08\/1002-geocaching-1700-bild-nr-01-272x182.jpg 272w, https:\/\/www.wocadlo.de\/geo\/wp-content\/uploads\/2019\/08\/1002-geocaching-1700-bild-nr-01.jpg 1700w\" sizes=\"(max-width: 1024px) 100vw, 1024px\" \/>\t\t\t\t\t\t\t\t\t\t\t\t\t\t\t<\/div>\n\t\t\t\t<\/div>\n\t\t\t\t\t<\/div>\n\t\t<\/div>\n\t\t\t\t\t<\/div>\n\t\t<\/section>\n\t\t\t\t<section class=\"elementor-section elementor-top-section elementor-element elementor-element-12cf769 elementor-section-boxed elementor-section-height-default elementor-section-height-default\" data-id=\"12cf769\" data-element_type=\"section\" data-e-type=\"section\">\n\t\t\t\t\t\t<div class=\"elementor-container elementor-column-gap-default\">\n\t\t\t\t\t<div class=\"elementor-column elementor-col-100 elementor-top-column elementor-element elementor-element-56a1732\" data-id=\"56a1732\" data-element_type=\"column\" data-e-type=\"column\">\n\t\t\t<div class=\"elementor-widget-wrap elementor-element-populated\">\n\t\t\t\t\t\t<div class=\"elementor-element elementor-element-9849ff2 elementor-widget elementor-widget-spacer\" data-id=\"9849ff2\" data-element_type=\"widget\" data-e-type=\"widget\" data-widget_type=\"spacer.default\">\n\t\t\t\t<div class=\"elementor-widget-container\">\n\t\t\t\t\t\t\t<div class=\"elementor-spacer\">\n\t\t\t<div class=\"elementor-spacer-inner\"><\/div>\n\t\t<\/div>\n\t\t\t\t\t\t<\/div>\n\t\t\t\t<\/div>\n\t\t\t\t\t<\/div>\n\t\t<\/div>\n\t\t\t\t\t<\/div>\n\t\t<\/section>\n\t\t\t\t<section class=\"elementor-section elementor-top-section elementor-element elementor-element-41f0f89 elementor-section-content-middle elementor-section-boxed elementor-section-height-default elementor-section-height-default\" data-id=\"41f0f89\" data-element_type=\"section\" data-e-type=\"section\">\n\t\t\t\t\t\t<div class=\"elementor-container elementor-column-gap-default\">\n\t\t\t\t\t<div class=\"elementor-column elementor-col-50 elementor-top-column elementor-element elementor-element-a6c0e54\" data-id=\"a6c0e54\" data-element_type=\"column\" data-e-type=\"column\">\n\t\t\t<div class=\"elementor-widget-wrap elementor-element-populated\">\n\t\t\t\t\t\t<div class=\"elementor-element elementor-element-29b3295 elementor-widget elementor-widget-heading\" data-id=\"29b3295\" data-element_type=\"widget\" data-e-type=\"widget\" data-widget_type=\"heading.default\">\n\t\t\t\t<div class=\"elementor-widget-container\">\n\t\t\t\t\t<h3 class=\"elementor-heading-title elementor-size-large\">\n\nPartner in  Winterberg<\/h3>\t\t\t\t<\/div>\n\t\t\t\t<\/div>\n\t\t\t\t<div class=\"elementor-element elementor-element-9dc6708 elementor-widget elementor-widget-text-editor\" data-id=\"9dc6708\" data-element_type=\"widget\" data-e-type=\"widget\" data-widget_type=\"text-editor.default\">\n\t\t\t\t<div class=\"elementor-widget-container\">\n\t\t\t\t\t\t\t\t\t<p><strong>Kurparkstuben Korn<\/strong><\/p><p>Restaurant &#8211; Fonduestube &#8211; Caf\u00e9 &#8211; Biergarten &#8211; Weinbar Kulinarik &amp; Wein, Natur &amp; Alpine Lebenslust<\/p><p>Am Kurpark 2<br \/>59955 Winterberg<\/p>\t\t\t\t\t\t\t\t<\/div>\n\t\t\t\t<\/div>\n\t\t\t\t\t<\/div>\n\t\t<\/div>\n\t\t\t\t<div class=\"elementor-column elementor-col-50 elementor-top-column elementor-element elementor-element-6a30bdf\" data-id=\"6a30bdf\" data-element_type=\"column\" data-e-type=\"column\">\n\t\t\t<div class=\"elementor-widget-wrap elementor-element-populated\">\n\t\t\t\t\t\t<div class=\"elementor-element elementor-element-82173ae elementor-widget elementor-widget-image\" data-id=\"82173ae\" data-element_type=\"widget\" data-e-type=\"widget\" data-widget_type=\"image.default\">\n\t\t\t\t<div class=\"elementor-widget-container\">\n\t\t\t\t\t\t\t\t\t\t\t\t\t\t\t<img decoding=\"async\" width=\"893\" height=\"502\" src=\"https:\/\/www.wocadlo.de\/geo\/wp-content\/uploads\/2024\/01\/1738-weinbar-1.jpg\" class=\"attachment-large size-large wp-image-2602\" alt=\"\" srcset=\"https:\/\/www.wocadlo.de\/geo\/wp-content\/uploads\/2024\/01\/1738-weinbar-1.jpg 893w, https:\/\/www.wocadlo.de\/geo\/wp-content\/uploads\/2024\/01\/1738-weinbar-1-300x169.jpg 300w, https:\/\/www.wocadlo.de\/geo\/wp-content\/uploads\/2024\/01\/1738-weinbar-1-768x432.jpg 768w, https:\/\/www.wocadlo.de\/geo\/wp-content\/uploads\/2024\/01\/1738-weinbar-1-230x129.jpg 230w, https:\/\/www.wocadlo.de\/geo\/wp-content\/uploads\/2024\/01\/1738-weinbar-1-350x197.jpg 350w, https:\/\/www.wocadlo.de\/geo\/wp-content\/uploads\/2024\/01\/1738-weinbar-1-480x270.jpg 480w\" sizes=\"(max-width: 893px) 100vw, 893px\" \/>\t\t\t\t\t\t\t\t\t\t\t\t\t\t\t<\/div>\n\t\t\t\t<\/div>\n\t\t\t\t<div class=\"elementor-element elementor-element-48e8103 elementor-widget elementor-widget-text-editor\" data-id=\"48e8103\" data-element_type=\"widget\" data-e-type=\"widget\" data-widget_type=\"text-editor.default\">\n\t\t\t\t<div class=\"elementor-widget-container\">\n\t\t\t\t\t\t\t\t\t<p><span class=\"elementor-icon-list-text\"><a href=\"https:\/\/kurparkstuben-winterberg.de\" target=\"_blank\" rel=\"noopener\">https:\/\/kurparkstuben-winterberg.de<\/a><\/span><\/p>\t\t\t\t\t\t\t\t<\/div>\n\t\t\t\t<\/div>\n\t\t\t\t\t<\/div>\n\t\t<\/div>\n\t\t\t\t\t<\/div>\n\t\t<\/section>\n\t\t\t\t<\/div>\n\t\t","protected":false},"excerpt":{"rendered":"<p>Beschreibung Eine gef\u00fchrte Geocachingtour durch den Schluchten- und Br\u00fcckenpfad Winterberg.Die Route hat eine urspr\u00fcngliche nat\u00fcrliche Vegetation mit steil aufsteigenden Felsw\u00e4nden. Wasserf\u00e4lle und [&hellip;]<\/p>\n","protected":false},"author":1,"featured_media":0,"parent":0,"menu_order":0,"comment_status":"closed","ping_status":"closed","template":"","meta":{"footnotes":""},"class_list":["post-2297","page","type-page","status-publish","hentry"],"_links":{"self":[{"href":"https:\/\/www.wocadlo.de\/geo\/wp-json\/wp\/v2\/pages\/2297","targetHints":{"allow":["GET"]}}],"collection":[{"href":"https:\/\/www.wocadlo.de\/geo\/wp-json\/wp\/v2\/pages"}],"about":[{"href":"https:\/\/www.wocadlo.de\/geo\/wp-json\/wp\/v2\/types\/page"}],"author":[{"embeddable":true,"href":"https:\/\/www.wocadlo.de\/geo\/wp-json\/wp\/v2\/users\/1"}],"replies":[{"embeddable":true,"href":"https:\/\/www.wocadlo.de\/geo\/wp-json\/wp\/v2\/comments?post=2297"}],"version-history":[{"count":43,"href":"https:\/\/www.wocadlo.de\/geo\/wp-json\/wp\/v2\/pages\/2297\/revisions"}],"predecessor-version":[{"id":2641,"href":"https:\/\/www.wocadlo.de\/geo\/wp-json\/wp\/v2\/pages\/2297\/revisions\/2641"}],"wp:attachment":[{"href":"https:\/\/www.wocadlo.de\/geo\/wp-json\/wp\/v2\/media?parent=2297"}],"curies":[{"name":"wp","href":"https:\/\/api.w.org\/{rel}","templated":true}]}}