{"id":606,"date":"2018-01-31T23:03:42","date_gmt":"2018-01-31T22:03:42","guid":{"rendered":"http:\/\/www.wocadlo.de\/geo\/?page_id=606"},"modified":"2020-04-23T13:58:51","modified_gmt":"2020-04-23T11:58:51","slug":"impressum","status":"publish","type":"page","link":"https:\/\/www.wocadlo.de\/geo\/impressum\/","title":{"rendered":"Impressum"},"content":{"rendered":"<h4>Angaben gem\u00e4\u00df \u00a7 5 TMG:<\/h4>\n<p>NIGHT &amp; DAY LIVE \/ SEGYTOUR<br \/>\nEisenbergweg13<br \/>\n35066 Frankenberg\/Eder<br \/>\nDeutschland<\/p>\n<h5>Vertreten durch:<\/h5>\n<p>Ina Wocadlo<\/p>\n<h5>Kontakt:<\/h5>\n<p>Telefon: 06451 234 60<\/p>\n<p>E-Mail: <a href=\"mailto:info@wocadlo.de\">info@wocadlo.de<\/a><\/p>\n<h5>Umsatzsteuer-ID:<\/h5>\n<p>Verantworlich:<br \/>\nSEGYTOUR<br \/>\nIna Wocadlo<br \/>\nGesch\u00e4ftsf\u00fchrerin: Ina Wocadlo USt-Ident.-Nr. DE 275827578<\/p>\n<p>Verbraucherinformation:<br \/>\nOnline-Streitbeilegung gem\u00e4\u00df Art. 14 Abs. 1 ODR-VO: Die Europ\u00e4ische Kommission stellt eine Plattform zur Online-Streitbeilegung (OS) bereit.<br \/>\nZur Plattform: <a href=\"http:\/\/ec.europa.eu\/consumers\/odr\/\">http:\/\/ec.europa.eu\/consumers\/odr\/<\/a><\/p>\n<h5>Quellenangaben f\u00fcr die verwendeten Bilder und Grafiken:<\/h5>\n<p>Viele Edersee Fotos sind von Lichtblicke-Fotograf Jeff Kirchhoff , Bad Wildungen-Bilder sind von plancontext gmbh landschaftsarchitektur, weitere Bilder von @ fotolia.com<\/p>\n","protected":false},"excerpt":{"rendered":"<p>Angaben gem\u00e4\u00df \u00a7 5 TMG: NIGHT &amp; DAY LIVE \/ SEGYTOUR Eisenbergweg13 35066 Frankenberg\/Eder Deutschland Vertreten durch: Ina Wocadlo Kontakt: Telefon: 06451 [&hellip;]<\/p>\n","protected":false},"author":1,"featured_media":0,"parent":0,"menu_order":0,"comment_status":"closed","ping_status":"closed","template":"","meta":{"footnotes":""},"class_list":["post-606","page","type-page","status-publish","hentry"],"_links":{"self":[{"href":"https:\/\/www.wocadlo.de\/geo\/wp-json\/wp\/v2\/pages\/606","targetHints":{"allow":["GET"]}}],"collection":[{"href":"https:\/\/www.wocadlo.de\/geo\/wp-json\/wp\/v2\/pages"}],"about":[{"href":"https:\/\/www.wocadlo.de\/geo\/wp-json\/wp\/v2\/types\/page"}],"author":[{"embeddable":true,"href":"https:\/\/www.wocadlo.de\/geo\/wp-json\/wp\/v2\/users\/1"}],"replies":[{"embeddable":true,"href":"https:\/\/www.wocadlo.de\/geo\/wp-json\/wp\/v2\/comments?post=606"}],"version-history":[{"count":13,"href":"https:\/\/www.wocadlo.de\/geo\/wp-json\/wp\/v2\/pages\/606\/revisions"}],"predecessor-version":[{"id":2125,"href":"https:\/\/www.wocadlo.de\/geo\/wp-json\/wp\/v2\/pages\/606\/revisions\/2125"}],"wp:attachment":[{"href":"https:\/\/www.wocadlo.de\/geo\/wp-json\/wp\/v2\/media?parent=606"}],"curies":[{"name":"wp","href":"https:\/\/api.w.org\/{rel}","templated":true}]}}