{"id":626,"date":"2018-02-01T09:37:49","date_gmt":"2018-02-01T08:37:49","guid":{"rendered":"http:\/\/www.wocadlo.de\/geo\/?page_id=626"},"modified":"2018-02-01T09:37:49","modified_gmt":"2018-02-01T08:37:49","slug":"datenschutzerklaerung-facebook","status":"publish","type":"page","link":"https:\/\/www.wocadlo.de\/geo\/datenschutzerklaerung-facebook\/","title":{"rendered":"Datenschutzerkl\u00e4rung Facebook"},"content":{"rendered":"<p><strong>Datenschutzerkl\u00e4rung Facebook<\/strong><\/p>\n<p>Unsere Website verwendet Funktionen von Facebook Inc., 1601 S. California Ave, Palo Alto, CA 94304, USA . Bei Aufruf unserer Seiten mit Facebook-Plug-Ins wird eine Verbindung zwischen Ihrem Browser und den Servern von Facebook aufgebaut. Dabei werden bereits Daten an Facebook \u00fcbertragen. Besitzen Sie einen Facebook-Account, k\u00f6nnen diese Daten damit verkn\u00fcpft werden.<\/p>\n<p>Wenn Sie keine Zuordnung dieser Daten zu Ihrem Facebook-Account w\u00fcnschen, loggen Sie sich bitte vor dem Besuch unserer Seite bei Facebook aus. Interaktionen, insbesondere das Nutzen einer Kommentarfunktion oder das Anklicken eines \u201eLike\u201c- oder \u201eTeilen\u201c-Buttons werden ebenfalls an Facebook weitergegeben. Mehr erfahren Sie unter <a href=\"https:\/\/www.facebook.com\/geocachingedersee\/\">https:\/\/www.facebook.com\/geocachingedersee\/<\/a><\/p>\n<p><a title=\"facebook SEGYTOUR\" href=\"https:\/\/www.facebook.com\/geocachingedersee\/\" target=\"_blank\" rel=\"noopener\">Folgen Sie uns jetzt auf Facebook und erhalten Sie viele Lastminute-Tipps!<\/a><\/p>\n","protected":false},"excerpt":{"rendered":"<p>Datenschutzerkl\u00e4rung Facebook Unsere Website verwendet Funktionen von Facebook Inc., 1601 S. California Ave, Palo Alto, CA 94304, USA . Bei Aufruf unserer [&hellip;]<\/p>\n","protected":false},"author":1,"featured_media":0,"parent":0,"menu_order":0,"comment_status":"closed","ping_status":"closed","template":"","meta":{"footnotes":""},"class_list":["post-626","page","type-page","status-publish","hentry"],"_links":{"self":[{"href":"https:\/\/www.wocadlo.de\/geo\/wp-json\/wp\/v2\/pages\/626","targetHints":{"allow":["GET"]}}],"collection":[{"href":"https:\/\/www.wocadlo.de\/geo\/wp-json\/wp\/v2\/pages"}],"about":[{"href":"https:\/\/www.wocadlo.de\/geo\/wp-json\/wp\/v2\/types\/page"}],"author":[{"embeddable":true,"href":"https:\/\/www.wocadlo.de\/geo\/wp-json\/wp\/v2\/users\/1"}],"replies":[{"embeddable":true,"href":"https:\/\/www.wocadlo.de\/geo\/wp-json\/wp\/v2\/comments?post=626"}],"version-history":[{"count":1,"href":"https:\/\/www.wocadlo.de\/geo\/wp-json\/wp\/v2\/pages\/626\/revisions"}],"predecessor-version":[{"id":627,"href":"https:\/\/www.wocadlo.de\/geo\/wp-json\/wp\/v2\/pages\/626\/revisions\/627"}],"wp:attachment":[{"href":"https:\/\/www.wocadlo.de\/geo\/wp-json\/wp\/v2\/media?parent=626"}],"curies":[{"name":"wp","href":"https:\/\/api.w.org\/{rel}","templated":true}]}}